{"id":47410,"date":"2024-01-26T15:57:04","date_gmt":"2024-01-26T14:57:04","guid":{"rendered":"https:\/\/solymare.com\/search-results\/"},"modified":"2024-01-26T15:57:04","modified_gmt":"2024-01-26T14:57:04","slug":"search-results","status":"publish","type":"page","link":"https:\/\/solymare.com\/en\/search-results\/","title":{"rendered":"Search results"},"content":{"rendered":"","protected":false},"excerpt":{"rendered":"","protected":false},"author":1,"featured_media":0,"parent":0,"menu_order":0,"comment_status":"closed","ping_status":"closed","template":"template\/template-search.php","meta":{"footnotes":""},"class_list":["post-47410","page","type-page","status-publish","hentry"],"yoast_head":"<!-- This site is optimized with the Yoast SEO Premium plugin v24.2 (Yoast SEO v25.1) - https:\/\/yoast.com\/wordpress\/plugins\/seo\/ -->\n<title>Solymare.com - How to search for a property abroad ?<\/title>\n<meta name=\"description\" content=\"Want to find a property in Spain, Italy, Dubai, Cyprus, etc.? Use our dedicated search engine for deals abroad.\" \/>\n<meta name=\"robots\" content=\"index, follow, max-snippet:-1, max-image-preview:large, max-video-preview:-1\" \/>\n<link rel=\"canonical\" href=\"https:\/\/solymare.com\/en\/search-results\/\" \/>\n<meta property=\"og:locale\" content=\"en_US\" \/>\n<meta property=\"og:type\" content=\"article\" \/>\n<meta property=\"og:title\" content=\"How to search for a property abroad?\" \/>\n<meta property=\"og:description\" content=\"Want to find a property in Spain, Italy, Dubai, Portugal, Albania, Cyprus, etc.? Use our dedicated search engine for overseas listings now.\" \/>\n<meta property=\"og:url\" content=\"https:\/\/solymare.com\/en\/search-results\/\" \/>\n<meta property=\"og:site_name\" content=\"SOLyMARE Platform of foreign real estate.\" \/>\n<meta property=\"article:publisher\" content=\"https:\/\/www.facebook.com\/Solymare.platforma.zagranicznych.nieruchomosci\" \/>\n<meta property=\"og:image\" content=\"https:\/\/solymare.com\/media\/2024\/02\/SOLYMARE.png\" \/>\n\t<meta property=\"og:image:width\" content=\"500\" \/>\n\t<meta property=\"og:image:height\" content=\"500\" \/>\n\t<meta property=\"og:image:type\" content=\"image\/png\" \/>\n<meta name=\"twitter:card\" content=\"summary_large_image\" \/>\n<meta name=\"twitter:title\" content=\"Search results\" \/>\n<script type=\"application\/ld+json\" class=\"yoast-schema-graph\">{\"@context\":\"https:\/\/schema.org\",\"@graph\":[{\"@type\":\"WebPage\",\"@id\":\"https:\/\/solymare.com\/en\/search-results\/\",\"url\":\"https:\/\/solymare.com\/en\/search-results\/\",\"name\":\"Solymare.com - How to search for a property abroad ?\",\"isPartOf\":{\"@id\":\"https:\/\/solymare.com\/en\/#website\"},\"datePublished\":\"2024-01-26T14:57:04+00:00\",\"description\":\"Want to find a property in Spain, Italy, Dubai, Cyprus, etc.? Use our dedicated search engine for deals abroad.\",\"breadcrumb\":{\"@id\":\"https:\/\/solymare.com\/en\/search-results\/#breadcrumb\"},\"inLanguage\":\"en-US\",\"potentialAction\":[{\"@type\":\"ReadAction\",\"target\":[\"https:\/\/solymare.com\/en\/search-results\/\"]}]},{\"@type\":\"BreadcrumbList\",\"@id\":\"https:\/\/solymare.com\/en\/search-results\/#breadcrumb\",\"itemListElement\":[{\"@type\":\"ListItem\",\"position\":1,\"name\":\"Strona g\u0142\u00f3wna\",\"item\":\"https:\/\/solymare.com\/en\/homepage\/\"},{\"@type\":\"ListItem\",\"position\":2,\"name\":\"Search results\"}]},{\"@type\":\"WebSite\",\"@id\":\"https:\/\/solymare.com\/en\/#website\",\"url\":\"https:\/\/solymare.com\/en\/\",\"name\":\"Solymare.com\",\"description\":\"Foreign real estate platform - sunny houses and apartments in Spain, Dubai, Italy, Croatia, Albania, Turkey, Portugal. in Cyprus, etc.\",\"publisher\":{\"@id\":\"https:\/\/solymare.com\/en\/#organization\"},\"potentialAction\":[{\"@type\":\"SearchAction\",\"target\":{\"@type\":\"EntryPoint\",\"urlTemplate\":\"https:\/\/solymare.com\/en\/?s={search_term_string}\"},\"query-input\":{\"@type\":\"PropertyValueSpecification\",\"valueRequired\":true,\"valueName\":\"search_term_string\"}}],\"inLanguage\":\"en-US\"},{\"@type\":\"Organization\",\"@id\":\"https:\/\/solymare.com\/en\/#organization\",\"name\":\"SOLyMARE - platforma zagranicznych nieruchomo\u015bci\",\"alternateName\":\"SOLYMARE\",\"url\":\"https:\/\/solymare.com\/en\/\",\"logo\":{\"@type\":\"ImageObject\",\"inLanguage\":\"en-US\",\"@id\":\"https:\/\/solymare.com\/en\/#\/schema\/logo\/image\/\",\"url\":\"https:\/\/solymare.com\/media\/2024\/07\/logo.jpg\",\"contentUrl\":\"https:\/\/solymare.com\/media\/2024\/07\/logo.jpg\",\"width\":200,\"height\":200,\"caption\":\"SOLyMARE - platforma zagranicznych nieruchomo\u015bci\"},\"image\":{\"@id\":\"https:\/\/solymare.com\/en\/#\/schema\/logo\/image\/\"},\"sameAs\":[\"https:\/\/www.facebook.com\/Solymare.platforma.zagranicznych.nieruchomosci\",\"https:\/\/www.instagram.com\/solymare_portal_nieruchomosci\/\"],\"description\":\"Nasza platforma jest wiod\u0105cym miejscem spotka\u0144 dla inwestor\u00f3w, godnych zaufania agencji nieruchomo\u015bci oraz wynajmuj\u0105cych, kt\u00f3rzy poszukuj\u0105 wyj\u0105tkowych mo\u017cliwo\u015bci na rynkach nieruchomo\u015bci w takich krajach i miejscach jak Hiszpania, Dubaj, W\u0142ochy, Albania, Cypr, Gruzja i wielu innych.\",\"email\":\"info@solymare.com\"}]}<\/script>\n<!-- \/ Yoast SEO Premium plugin. -->","yoast_head_json":{"title":"Solymare.com - How to search for a property abroad ?","description":"Want to find a property in Spain, Italy, Dubai, Cyprus, etc.? Use our dedicated search engine for deals abroad.","robots":{"index":"index","follow":"follow","max-snippet":"max-snippet:-1","max-image-preview":"max-image-preview:large","max-video-preview":"max-video-preview:-1"},"canonical":"https:\/\/solymare.com\/en\/search-results\/","og_locale":"en_US","og_type":"article","og_title":"How to search for a property abroad?","og_description":"Want to find a property in Spain, Italy, Dubai, Portugal, Albania, Cyprus, etc.? Use our dedicated search engine for overseas listings now.","og_url":"https:\/\/solymare.com\/en\/search-results\/","og_site_name":"SOLyMARE Platform of foreign real estate.","article_publisher":"https:\/\/www.facebook.com\/Solymare.platforma.zagranicznych.nieruchomosci","og_image":[{"width":500,"height":500,"url":"https:\/\/solymare.com\/media\/2024\/02\/SOLYMARE.png","type":"image\/png"}],"twitter_card":"summary_large_image","twitter_title":"Search results","schema":{"@context":"https:\/\/schema.org","@graph":[{"@type":"WebPage","@id":"https:\/\/solymare.com\/en\/search-results\/","url":"https:\/\/solymare.com\/en\/search-results\/","name":"Solymare.com - How to search for a property abroad ?","isPartOf":{"@id":"https:\/\/solymare.com\/en\/#website"},"datePublished":"2024-01-26T14:57:04+00:00","description":"Want to find a property in Spain, Italy, Dubai, Cyprus, etc.? Use our dedicated search engine for deals abroad.","breadcrumb":{"@id":"https:\/\/solymare.com\/en\/search-results\/#breadcrumb"},"inLanguage":"en-US","potentialAction":[{"@type":"ReadAction","target":["https:\/\/solymare.com\/en\/search-results\/"]}]},{"@type":"BreadcrumbList","@id":"https:\/\/solymare.com\/en\/search-results\/#breadcrumb","itemListElement":[{"@type":"ListItem","position":1,"name":"Strona g\u0142\u00f3wna","item":"https:\/\/solymare.com\/en\/homepage\/"},{"@type":"ListItem","position":2,"name":"Search results"}]},{"@type":"WebSite","@id":"https:\/\/solymare.com\/en\/#website","url":"https:\/\/solymare.com\/en\/","name":"Solymare.com","description":"Foreign real estate platform - sunny houses and apartments in Spain, Dubai, Italy, Croatia, Albania, Turkey, Portugal. in Cyprus, etc.","publisher":{"@id":"https:\/\/solymare.com\/en\/#organization"},"potentialAction":[{"@type":"SearchAction","target":{"@type":"EntryPoint","urlTemplate":"https:\/\/solymare.com\/en\/?s={search_term_string}"},"query-input":{"@type":"PropertyValueSpecification","valueRequired":true,"valueName":"search_term_string"}}],"inLanguage":"en-US"},{"@type":"Organization","@id":"https:\/\/solymare.com\/en\/#organization","name":"SOLyMARE - platforma zagranicznych nieruchomo\u015bci","alternateName":"SOLYMARE","url":"https:\/\/solymare.com\/en\/","logo":{"@type":"ImageObject","inLanguage":"en-US","@id":"https:\/\/solymare.com\/en\/#\/schema\/logo\/image\/","url":"https:\/\/solymare.com\/media\/2024\/07\/logo.jpg","contentUrl":"https:\/\/solymare.com\/media\/2024\/07\/logo.jpg","width":200,"height":200,"caption":"SOLyMARE - platforma zagranicznych nieruchomo\u015bci"},"image":{"@id":"https:\/\/solymare.com\/en\/#\/schema\/logo\/image\/"},"sameAs":["https:\/\/www.facebook.com\/Solymare.platforma.zagranicznych.nieruchomosci","https:\/\/www.instagram.com\/solymare_portal_nieruchomosci\/"],"description":"Nasza platforma jest wiod\u0105cym miejscem spotka\u0144 dla inwestor\u00f3w, godnych zaufania agencji nieruchomo\u015bci oraz wynajmuj\u0105cych, kt\u00f3rzy poszukuj\u0105 wyj\u0105tkowych mo\u017cliwo\u015bci na rynkach nieruchomo\u015bci w takich krajach i miejscach jak Hiszpania, Dubaj, W\u0142ochy, Albania, Cypr, Gruzja i wielu innych.","email":"info@solymare.com"}]}},"_links":{"self":[{"href":"https:\/\/solymare.com\/en\/wp-json\/wp\/v2\/pages\/47410","targetHints":{"allow":["GET"]}}],"collection":[{"href":"https:\/\/solymare.com\/en\/wp-json\/wp\/v2\/pages"}],"about":[{"href":"https:\/\/solymare.com\/en\/wp-json\/wp\/v2\/types\/page"}],"author":[{"embeddable":true,"href":"https:\/\/solymare.com\/en\/wp-json\/wp\/v2\/users\/1"}],"replies":[{"embeddable":true,"href":"https:\/\/solymare.com\/en\/wp-json\/wp\/v2\/comments?post=47410"}],"version-history":[{"count":0,"href":"https:\/\/solymare.com\/en\/wp-json\/wp\/v2\/pages\/47410\/revisions"}],"wp:attachment":[{"href":"https:\/\/solymare.com\/en\/wp-json\/wp\/v2\/media?parent=47410"}],"curies":[{"name":"wp","href":"https:\/\/api.w.org\/{rel}","templated":true}]}}