{"id":47428,"date":"2024-06-23T13:58:15","date_gmt":"2024-06-23T11:58:15","guid":{"rendered":"https:\/\/solymare.com\/contact\/"},"modified":"2024-08-28T16:21:05","modified_gmt":"2024-08-28T14:21:05","slug":"contact","status":"publish","type":"page","link":"https:\/\/solymare.com\/en\/contact\/","title":{"rendered":"Contact"},"content":{"rendered":"\t\t<div data-elementor-type=\"wp-page\" data-elementor-id=\"47428\" class=\"elementor elementor-47428 elementor-23057\" data-elementor-post-type=\"page\">\n\t\t\t\t<div class=\"elementor-element elementor-element-d9321f1 e-grid e-con-boxed e-con e-parent\" data-id=\"d9321f1\" data-element_type=\"container\">\n\t\t\t\t\t<div class=\"e-con-inner\">\n\t\t\t\t<div class=\"elementor-element elementor-element-f2dfd51 elementor-widget elementor-widget-image\" data-id=\"f2dfd51\" data-element_type=\"widget\" data-widget_type=\"image.default\">\n\t\t\t\t<div class=\"elementor-widget-container\">\n\t\t\t\t\t\t\t\t\t\t\t\t\t\t\t<img fetchpriority=\"high\" decoding=\"async\" width=\"537\" height=\"268\" src=\"https:\/\/solymare.com\/media\/2024\/06\/Kontakt_Solymare.jpg\" class=\"attachment-large size-large wp-image-32244\" alt=\"\" srcset=\"https:\/\/solymare.com\/media\/2024\/06\/Kontakt_Solymare.jpg 537w, https:\/\/solymare.com\/media\/2024\/06\/Kontakt_Solymare-300x150.jpg 300w, https:\/\/solymare.com\/media\/2024\/06\/Kontakt_Solymare-496x248.jpg 496w\" sizes=\"(max-width: 537px) 100vw, 537px\" \/>\t\t\t\t\t\t\t\t\t\t\t\t\t\t\t<\/div>\n\t\t\t\t<\/div>\n\t\t\t\t\t<\/div>\n\t\t\t\t<\/div>\n\t\t<div class=\"elementor-element elementor-element-522b80f e-flex e-con-boxed e-con e-parent\" data-id=\"522b80f\" data-element_type=\"container\">\n\t\t\t\t\t<div class=\"e-con-inner\">\n\t\t\t\t<div class=\"elementor-element elementor-element-b7bfe06 elementor-widget elementor-widget-spacer\" data-id=\"b7bfe06\" data-element_type=\"widget\" data-widget_type=\"spacer.default\">\n\t\t\t\t<div class=\"elementor-widget-container\">\n\t\t\t\t\t\t\t<div class=\"elementor-spacer\">\n\t\t\t<div class=\"elementor-spacer-inner\"><\/div>\n\t\t<\/div>\n\t\t\t\t\t\t<\/div>\n\t\t\t\t<\/div>\n\t\t\t\t\t<\/div>\n\t\t\t\t<\/div>\n\t\t<div class=\"elementor-element elementor-element-7ce0087 e-flex e-con-boxed e-con e-parent\" data-id=\"7ce0087\" data-element_type=\"container\">\n\t\t\t\t\t<div class=\"e-con-inner\">\n\t\t<div class=\"elementor-element elementor-element-241ffca e-con-full e-flex e-con e-child\" data-id=\"241ffca\" data-element_type=\"container\">\n\t\t\t\t<div class=\"elementor-element elementor-element-599e3df elementor-widget elementor-widget-text-editor\" data-id=\"599e3df\" data-element_type=\"widget\" data-widget_type=\"text-editor.default\">\n\t\t\t\t<div class=\"elementor-widget-container\">\n\t\t\t\t\t\t\t\t\t<p>Fill out the form and we will get back to you!<\/p>\n\t\t\t\t\t\t\t\t<\/div>\n\t\t\t\t<\/div>\n\t\t\t\t<div class=\"elementor-element elementor-element-a45df42 elementor-button-align-stretch elementor-widget elementor-widget-form\" data-id=\"a45df42\" data-element_type=\"widget\" data-settings=\"{&quot;step_next_label&quot;:&quot;Next&quot;,&quot;step_previous_label&quot;:&quot;Previous&quot;,&quot;button_width&quot;:&quot;100&quot;,&quot;step_type&quot;:&quot;number_text&quot;,&quot;step_icon_shape&quot;:&quot;circle&quot;}\" data-widget_type=\"form.default\">\n\t\t\t\t<div class=\"elementor-widget-container\">\n\t\t\t\t\t\t\t<form class=\"elementor-form\" method=\"post\" name=\"New form\">\n\t\t\t<input type=\"hidden\" name=\"post_id\" value=\"47428\"\/>\n\t\t\t<input type=\"hidden\" name=\"form_id\" value=\"a45df42\"\/>\n\t\t\t<input type=\"hidden\" name=\"referer_title\" value=\"Solymare.com - Get in touch now!\" \/>\n\n\t\t\t\t\t\t\t<input type=\"hidden\" name=\"queried_id\" value=\"47428\"\/>\n\t\t\t\n\t\t\t<div class=\"elementor-form-fields-wrapper elementor-labels-above\">\n\t\t\t\t\t\t\t\t<div class=\"elementor-field-type-text elementor-field-group elementor-column elementor-field-group-name elementor-col-100 elementor-field-required\">\n\t\t\t\t\t\t\t\t\t\t\t\t<label for=\"form-field-name\" class=\"elementor-field-label\">\n\t\t\t\t\t\t\t\tName\t\t\t\t\t\t\t<\/label>\n\t\t\t\t\t\t\t\t\t\t\t\t\t\t<input size=\"1\" type=\"text\" name=\"form_fields[name]\" id=\"form-field-name\" class=\"elementor-field elementor-size-sm  elementor-field-textual\" placeholder=\"Name\" required=\"required\">\n\t\t\t\t\t\t\t\t\t\t\t<\/div>\n\t\t\t\t\t\t\t\t<div class=\"elementor-field-type-text elementor-field-group elementor-column elementor-field-group-field_792c975 elementor-col-100 elementor-field-required\">\n\t\t\t\t\t\t\t\t\t\t\t\t\t<input size=\"1\" type=\"text\" name=\"form_fields[field_792c975]\" id=\"form-field-field_792c975\" class=\"elementor-field elementor-size-sm  elementor-field-textual\" placeholder=\"Name\" required=\"required\">\n\t\t\t\t\t\t\t\t\t\t\t<\/div>\n\t\t\t\t\t\t\t\t<div class=\"elementor-field-type-tel elementor-field-group elementor-column elementor-field-group-field_58420c3 elementor-col-100\">\n\t\t\t\t\t\t\t\t\t\t\t\t<label for=\"form-field-field_58420c3\" class=\"elementor-field-label\">\n\t\t\t\t\t\t\t\tPhone\t\t\t\t\t\t\t<\/label>\n\t\t\t\t\t\t\t\t<input size=\"1\" type=\"tel\" name=\"form_fields[field_58420c3]\" id=\"form-field-field_58420c3\" class=\"elementor-field elementor-size-sm  elementor-field-textual\" placeholder=\"Phone number\" pattern=\"[0-9()#&amp;+*-=.]+\" title=\"Only numbers and phone characters (#, -, *, etc) are accepted.\">\n\n\t\t\t\t\t\t<\/div>\n\t\t\t\t\t\t\t\t<div class=\"elementor-field-type-email elementor-field-group elementor-column elementor-field-group-email elementor-col-100 elementor-field-required\">\n\t\t\t\t\t\t\t\t\t\t\t\t<label for=\"form-field-email\" class=\"elementor-field-label\">\n\t\t\t\t\t\t\t\tE-mail\t\t\t\t\t\t\t<\/label>\n\t\t\t\t\t\t\t\t\t\t\t\t\t\t<input size=\"1\" type=\"email\" name=\"form_fields[email]\" id=\"form-field-email\" class=\"elementor-field elementor-size-sm  elementor-field-textual\" placeholder=\"Email address\" required=\"required\">\n\t\t\t\t\t\t\t\t\t\t\t<\/div>\n\t\t\t\t\t\t\t\t<div class=\"elementor-field-type-textarea elementor-field-group elementor-column elementor-field-group-message elementor-col-100 elementor-field-required\">\n\t\t\t\t\t\t\t\t\t\t\t\t<label for=\"form-field-message\" class=\"elementor-field-label\">\n\t\t\t\t\t\t\t\tMessage\t\t\t\t\t\t\t<\/label>\n\t\t\t\t\t\t<textarea class=\"elementor-field-textual elementor-field  elementor-size-sm\" name=\"form_fields[message]\" id=\"form-field-message\" rows=\"4\" placeholder=\"Message\" required=\"required\"><\/textarea>\t\t\t\t<\/div>\n\t\t\t\t\t\t\t\t<div class=\"elementor-field-type-recaptcha_v3 elementor-field-group elementor-column elementor-field-group-field_9daebda elementor-col-100 recaptcha_v3-bottomright\">\n\t\t\t\t\t<div class=\"elementor-field\" id=\"form-field-field_9daebda\"><div class=\"elementor-g-recaptcha\" data-sitekey=\"6LeWHP8pAAAAAGeYX5o4c4p1YBp2GmAGSWoVnb-o\" data-type=\"v3\" data-action=\"Form\" data-badge=\"bottomright\" data-size=\"invisible\"><\/div><\/div>\t\t\t\t<\/div>\n\t\t\t\t\t\t\t\t<div class=\"elementor-field-type-acceptance elementor-field-group elementor-column elementor-field-group-field_057664a elementor-col-100 elementor-field-required\">\n\t\t\t\t\t\t\t<div class=\"elementor-field-subgroup\">\n\t\t\t<span class=\"elementor-field-option\">\n\t\t\t\t<input type=\"checkbox\" name=\"form_fields[field_057664a]\" id=\"form-field-field_057664a\" class=\"elementor-field elementor-size-sm  elementor-acceptance-field\" required=\"required\">\n\t\t\t\t<label for=\"form-field-field_057664a\">I acknowledge that I have read the Privacy Policy and the Terms of Service of Solymare<\/label>\t\t\t<\/span>\n\t\t<\/div>\n\t\t\t\t\t\t<\/div>\n\t\t\t\t\t\t\t\t<div class=\"elementor-field-group elementor-column elementor-field-type-submit elementor-col-100 e-form__buttons\">\n\t\t\t\t\t<button class=\"elementor-button elementor-size-sm\" type=\"submit\">\n\t\t\t\t\t\t<span class=\"elementor-button-content-wrapper\">\n\t\t\t\t\t\t\t\t\t\t\t\t\t\t\t\t\t\t\t\t\t\t<span class=\"elementor-button-text\">Send<\/span>\n\t\t\t\t\t\t\t\t\t\t\t\t\t<\/span>\n\t\t\t\t\t<\/button>\n\t\t\t\t<\/div>\n\t\t\t<\/div>\n\t\t<\/form>\n\t\t\t\t\t\t<\/div>\n\t\t\t\t<\/div>\n\t\t\t\t<\/div>\n\t\t<div class=\"elementor-element elementor-element-0617fab e-con-full e-flex e-con e-child\" data-id=\"0617fab\" data-element_type=\"container\" data-settings=\"{&quot;background_background&quot;:&quot;classic&quot;}\">\n\t\t\t\t<div class=\"elementor-element elementor-element-fb52086 elementor-widget elementor-widget-image\" data-id=\"fb52086\" data-element_type=\"widget\" data-widget_type=\"image.default\">\n\t\t\t\t<div class=\"elementor-widget-container\">\n\t\t\t\t\t\t\t\t\t\t\t\t\t\t\t<img decoding=\"async\" width=\"180\" height=\"180\" src=\"https:\/\/solymare.com\/media\/2024\/08\/Projekt-bez-nazwy-17.svg\" class=\"attachment-large size-large wp-image-44760\" alt=\"\" srcset=\"\" \/>\t\t\t\t\t\t\t\t\t\t\t\t\t\t\t<\/div>\n\t\t\t\t<\/div>\n\t\t\t\t<div class=\"elementor-element elementor-element-45de400 elementor-widget elementor-widget-text-editor\" data-id=\"45de400\" data-element_type=\"widget\" data-widget_type=\"text-editor.default\">\n\t\t\t\t<div class=\"elementor-widget-container\">\n\t\t\t\t\t\t\t\t\t<p><span style=\"color: #000000;\"><strong>Contact Us:<\/strong><\/span><\/p>\n<p><span style=\"color: #000000;\">SOLyMare.com<\/span><\/p>\n<p><span style=\"color: #000000;\">foreign real estate platform<\/span><\/p>\n<p><span style=\"color: #000000;\">www.solymare.com<\/span><\/p>\n<p><span style=\"color: #000000;\">info@solymare.com<\/span><\/p>\n<p><span style=\"color: #000000;\">Warsaw, Poland<\/span><\/p>\n\t\t\t\t\t\t\t\t<\/div>\n\t\t\t\t<\/div>\n\t\t\t\t<div class=\"elementor-element elementor-element-863f03e elementor-widget elementor-widget-spacer\" data-id=\"863f03e\" data-element_type=\"widget\" data-widget_type=\"spacer.default\">\n\t\t\t\t<div class=\"elementor-widget-container\">\n\t\t\t\t\t\t\t<div class=\"elementor-spacer\">\n\t\t\t<div class=\"elementor-spacer-inner\"><\/div>\n\t\t<\/div>\n\t\t\t\t\t\t<\/div>\n\t\t\t\t<\/div>\n\t\t\t\t<div class=\"elementor-element elementor-element-360cea5 elementor-shape-rounded elementor-grid-0 e-grid-align-center elementor-widget elementor-widget-social-icons\" data-id=\"360cea5\" data-element_type=\"widget\" data-widget_type=\"social-icons.default\">\n\t\t\t\t<div class=\"elementor-widget-container\">\n\t\t\t\t\t\t\t<div class=\"elementor-social-icons-wrapper elementor-grid\">\n\t\t\t\t\t\t\t<span class=\"elementor-grid-item\">\n\t\t\t\t\t<a class=\"elementor-icon elementor-social-icon elementor-social-icon-facebook elementor-repeater-item-e42bdd7\" href=\"https:\/\/www.facebook.com\/Solymare.platforma.zagranicznych.nieruchomosci\/\" target=\"_blank\">\n\t\t\t\t\t\t<span class=\"elementor-screen-only\">Facebook<\/span>\n\t\t\t\t\t\t<svg class=\"e-font-icon-svg e-fab-facebook\" viewBox=\"0 0 512 512\" xmlns=\"http:\/\/www.w3.org\/2000\/svg\"><path d=\"M504 256C504 119 393 8 256 8S8 119 8 256c0 123.78 90.69 226.38 209.25 245V327.69h-63V256h63v-54.64c0-62.15 37-96.48 93.67-96.48 27.14 0 55.52 4.84 55.52 4.84v61h-31.28c-30.8 0-40.41 19.12-40.41 38.73V256h68.78l-11 71.69h-57.78V501C413.31 482.38 504 379.78 504 256z\"><\/path><\/svg>\t\t\t\t\t<\/a>\n\t\t\t\t<\/span>\n\t\t\t\t\t\t\t<span class=\"elementor-grid-item\">\n\t\t\t\t\t<a class=\"elementor-icon elementor-social-icon elementor-social-icon-instagram elementor-repeater-item-e7afdf3\" href=\"https:\/\/www.instagram.com\/solymare_portal_nieruchomosci\/\" target=\"_blank\">\n\t\t\t\t\t\t<span class=\"elementor-screen-only\">Instagram<\/span>\n\t\t\t\t\t\t<svg class=\"e-font-icon-svg e-fab-instagram\" viewBox=\"0 0 448 512\" xmlns=\"http:\/\/www.w3.org\/2000\/svg\"><path d=\"M224.1 141c-63.6 0-114.9 51.3-114.9 114.9s51.3 114.9 114.9 114.9S339 319.5 339 255.9 287.7 141 224.1 141zm0 189.6c-41.1 0-74.7-33.5-74.7-74.7s33.5-74.7 74.7-74.7 74.7 33.5 74.7 74.7-33.6 74.7-74.7 74.7zm146.4-194.3c0 14.9-12 26.8-26.8 26.8-14.9 0-26.8-12-26.8-26.8s12-26.8 26.8-26.8 26.8 12 26.8 26.8zm76.1 27.2c-1.7-35.9-9.9-67.7-36.2-93.9-26.2-26.2-58-34.4-93.9-36.2-37-2.1-147.9-2.1-184.9 0-35.8 1.7-67.6 9.9-93.9 36.1s-34.4 58-36.2 93.9c-2.1 37-2.1 147.9 0 184.9 1.7 35.9 9.9 67.7 36.2 93.9s58 34.4 93.9 36.2c37 2.1 147.9 2.1 184.9 0 35.9-1.7 67.7-9.9 93.9-36.2 26.2-26.2 34.4-58 36.2-93.9 2.1-37 2.1-147.8 0-184.8zM398.8 388c-7.8 19.6-22.9 34.7-42.6 42.6-29.5 11.7-99.5 9-132.1 9s-102.7 2.6-132.1-9c-19.6-7.8-34.7-22.9-42.6-42.6-11.7-29.5-9-99.5-9-132.1s-2.6-102.7 9-132.1c7.8-19.6 22.9-34.7 42.6-42.6 29.5-11.7 99.5-9 132.1-9s102.7-2.6 132.1 9c19.6 7.8 34.7 22.9 42.6 42.6 11.7 29.5 9 99.5 9 132.1s2.7 102.7-9 132.1z\"><\/path><\/svg>\t\t\t\t\t<\/a>\n\t\t\t\t<\/span>\n\t\t\t\t\t\t\t<span class=\"elementor-grid-item\">\n\t\t\t\t\t<a class=\"elementor-icon elementor-social-icon elementor-social-icon-tiktok elementor-repeater-item-52dbdac\" href=\"https:\/\/www.tiktok.com\/@solymare.com\" target=\"_blank\">\n\t\t\t\t\t\t<span class=\"elementor-screen-only\">Tiktok<\/span>\n\t\t\t\t\t\t<svg class=\"e-font-icon-svg e-fab-tiktok\" viewBox=\"0 0 448 512\" xmlns=\"http:\/\/www.w3.org\/2000\/svg\"><path d=\"M448,209.91a210.06,210.06,0,0,1-122.77-39.25V349.38A162.55,162.55,0,1,1,185,188.31V278.2a74.62,74.62,0,1,0,52.23,71.18V0l88,0a121.18,121.18,0,0,0,1.86,22.17h0A122.18,122.18,0,0,0,381,102.39a121.43,121.43,0,0,0,67,20.14Z\"><\/path><\/svg>\t\t\t\t\t<\/a>\n\t\t\t\t<\/span>\n\t\t\t\t\t\t\t<span class=\"elementor-grid-item\">\n\t\t\t\t\t<a class=\"elementor-icon elementor-social-icon elementor-social-icon-youtube elementor-repeater-item-fe6f36c\" href=\"https:\/\/www.youtube.com\/channel\/UCzjuxH0GFsM6yUoWlGxyNmA\" target=\"_blank\">\n\t\t\t\t\t\t<span class=\"elementor-screen-only\">Youtube<\/span>\n\t\t\t\t\t\t<svg class=\"e-font-icon-svg e-fab-youtube\" viewBox=\"0 0 576 512\" xmlns=\"http:\/\/www.w3.org\/2000\/svg\"><path d=\"M549.655 124.083c-6.281-23.65-24.787-42.276-48.284-48.597C458.781 64 288 64 288 64S117.22 64 74.629 75.486c-23.497 6.322-42.003 24.947-48.284 48.597-11.412 42.867-11.412 132.305-11.412 132.305s0 89.438 11.412 132.305c6.281 23.65 24.787 41.5 48.284 47.821C117.22 448 288 448 288 448s170.78 0 213.371-11.486c23.497-6.321 42.003-24.171 48.284-47.821 11.412-42.867 11.412-132.305 11.412-132.305s0-89.438-11.412-132.305zm-317.51 213.508V175.185l142.739 81.205-142.739 81.201z\"><\/path><\/svg>\t\t\t\t\t<\/a>\n\t\t\t\t<\/span>\n\t\t\t\t\t<\/div>\n\t\t\t\t\t\t<\/div>\n\t\t\t\t<\/div>\n\t\t\t\t<\/div>\n\t\t\t\t\t<\/div>\n\t\t\t\t<\/div>\n\t\t\t\t<\/div>\n\t\t","protected":false},"excerpt":{"rendered":"<p>Fill out the form and we will get back to you! Contact Us: SOLyMare.com foreign real estate platform www.solymare.com info@solymare.com Warsaw, Poland Facebook Instagram Tiktok Youtube<\/p>\n","protected":false},"author":1,"featured_media":0,"parent":0,"menu_order":0,"comment_status":"closed","ping_status":"closed","template":"template\/template-page.php","meta":{"footnotes":""},"class_list":["post-47428","page","type-page","status-publish","hentry"],"yoast_head":"<!-- This site is optimized with the Yoast SEO Premium plugin v24.2 (Yoast SEO v25.1) - https:\/\/yoast.com\/wordpress\/plugins\/seo\/ -->\n<title>Solymare.com - Get in touch now!<\/title>\n<meta name=\"description\" content=\"Get your tailored package of publishing real estate listings abroad. Sell real estate effectively to customers from Poland and abroad.\" \/>\n<meta name=\"robots\" content=\"index, follow, max-snippet:-1, max-image-preview:large, max-video-preview:-1\" \/>\n<link rel=\"canonical\" href=\"https:\/\/solymare.com\/en\/contact\/\" \/>\n<meta property=\"og:locale\" content=\"en_US\" \/>\n<meta property=\"og:type\" content=\"article\" \/>\n<meta property=\"og:title\" content=\"Contact\" \/>\n<meta property=\"og:description\" content=\"Fill out the form and we will get back to you! Contact Us: SOLyMare.com foreign real estate platform www.solymare.com info@solymare.com Warsaw, Poland\" \/>\n<meta property=\"og:url\" content=\"https:\/\/solymare.com\/en\/contact\/\" \/>\n<meta property=\"og:site_name\" content=\"SOLyMARE Platform of foreign real estate.\" \/>\n<meta property=\"article:publisher\" content=\"https:\/\/www.facebook.com\/Solymare.platforma.zagranicznych.nieruchomosci\" \/>\n<meta property=\"article:modified_time\" content=\"2024-08-28T14:21:05+00:00\" \/>\n<meta property=\"og:image\" content=\"https:\/\/solymare.com\/media\/2024\/06\/Kontakt_Solymare.jpg\" \/>\n<meta name=\"twitter:card\" content=\"summary_large_image\" \/>\n<script type=\"application\/ld+json\" class=\"yoast-schema-graph\">{\"@context\":\"https:\/\/schema.org\",\"@graph\":[{\"@type\":\"WebPage\",\"@id\":\"https:\/\/solymare.com\/en\/contact\/\",\"url\":\"https:\/\/solymare.com\/en\/contact\/\",\"name\":\"Solymare.com - Get in touch now!\",\"isPartOf\":{\"@id\":\"https:\/\/solymare.com\/en\/#website\"},\"primaryImageOfPage\":{\"@id\":\"https:\/\/solymare.com\/en\/contact\/#primaryimage\"},\"image\":{\"@id\":\"https:\/\/solymare.com\/en\/contact\/#primaryimage\"},\"thumbnailUrl\":\"https:\/\/solymare.com\/media\/2024\/06\/Kontakt_Solymare.jpg\",\"datePublished\":\"2024-06-23T11:58:15+00:00\",\"dateModified\":\"2024-08-28T14:21:05+00:00\",\"description\":\"Get your tailored package of publishing real estate listings abroad. Sell real estate effectively to customers from Poland and abroad.\",\"breadcrumb\":{\"@id\":\"https:\/\/solymare.com\/en\/contact\/#breadcrumb\"},\"inLanguage\":\"en-US\",\"potentialAction\":[{\"@type\":\"ReadAction\",\"target\":[\"https:\/\/solymare.com\/en\/contact\/\"]}]},{\"@type\":\"ImageObject\",\"inLanguage\":\"en-US\",\"@id\":\"https:\/\/solymare.com\/en\/contact\/#primaryimage\",\"url\":\"https:\/\/solymare.com\/media\/2024\/06\/Kontakt_Solymare.jpg\",\"contentUrl\":\"https:\/\/solymare.com\/media\/2024\/06\/Kontakt_Solymare.jpg\"},{\"@type\":\"BreadcrumbList\",\"@id\":\"https:\/\/solymare.com\/en\/contact\/#breadcrumb\",\"itemListElement\":[{\"@type\":\"ListItem\",\"position\":1,\"name\":\"Strona g\u0142\u00f3wna\",\"item\":\"https:\/\/solymare.com\/en\/homepage\/\"},{\"@type\":\"ListItem\",\"position\":2,\"name\":\"Contact\"}]},{\"@type\":\"WebSite\",\"@id\":\"https:\/\/solymare.com\/en\/#website\",\"url\":\"https:\/\/solymare.com\/en\/\",\"name\":\"Solymare.com\",\"description\":\"Foreign real estate platform - sunny houses and apartments in Spain, Dubai, Italy, Croatia, Albania, Turkey, Portugal. in Cyprus, etc.\",\"publisher\":{\"@id\":\"https:\/\/solymare.com\/en\/#organization\"},\"potentialAction\":[{\"@type\":\"SearchAction\",\"target\":{\"@type\":\"EntryPoint\",\"urlTemplate\":\"https:\/\/solymare.com\/en\/?s={search_term_string}\"},\"query-input\":{\"@type\":\"PropertyValueSpecification\",\"valueRequired\":true,\"valueName\":\"search_term_string\"}}],\"inLanguage\":\"en-US\"},{\"@type\":\"Organization\",\"@id\":\"https:\/\/solymare.com\/en\/#organization\",\"name\":\"SOLyMARE - platforma zagranicznych nieruchomo\u015bci\",\"alternateName\":\"SOLYMARE\",\"url\":\"https:\/\/solymare.com\/en\/\",\"logo\":{\"@type\":\"ImageObject\",\"inLanguage\":\"en-US\",\"@id\":\"https:\/\/solymare.com\/en\/#\/schema\/logo\/image\/\",\"url\":\"https:\/\/solymare.com\/media\/2024\/07\/logo.jpg\",\"contentUrl\":\"https:\/\/solymare.com\/media\/2024\/07\/logo.jpg\",\"width\":200,\"height\":200,\"caption\":\"SOLyMARE - platforma zagranicznych nieruchomo\u015bci\"},\"image\":{\"@id\":\"https:\/\/solymare.com\/en\/#\/schema\/logo\/image\/\"},\"sameAs\":[\"https:\/\/www.facebook.com\/Solymare.platforma.zagranicznych.nieruchomosci\",\"https:\/\/www.instagram.com\/solymare_portal_nieruchomosci\/\"],\"description\":\"Nasza platforma jest wiod\u0105cym miejscem spotka\u0144 dla inwestor\u00f3w, godnych zaufania agencji nieruchomo\u015bci oraz wynajmuj\u0105cych, kt\u00f3rzy poszukuj\u0105 wyj\u0105tkowych mo\u017cliwo\u015bci na rynkach nieruchomo\u015bci w takich krajach i miejscach jak Hiszpania, Dubaj, W\u0142ochy, Albania, Cypr, Gruzja i wielu innych.\",\"email\":\"info@solymare.com\"}]}<\/script>\n<!-- \/ Yoast SEO Premium plugin. -->","yoast_head_json":{"title":"Solymare.com - Get in touch now!","description":"Get your tailored package of publishing real estate listings abroad. Sell real estate effectively to customers from Poland and abroad.","robots":{"index":"index","follow":"follow","max-snippet":"max-snippet:-1","max-image-preview":"max-image-preview:large","max-video-preview":"max-video-preview:-1"},"canonical":"https:\/\/solymare.com\/en\/contact\/","og_locale":"en_US","og_type":"article","og_title":"Contact","og_description":"Fill out the form and we will get back to you! Contact Us: SOLyMare.com foreign real estate platform www.solymare.com info@solymare.com Warsaw, Poland","og_url":"https:\/\/solymare.com\/en\/contact\/","og_site_name":"SOLyMARE Platform of foreign real estate.","article_publisher":"https:\/\/www.facebook.com\/Solymare.platforma.zagranicznych.nieruchomosci","article_modified_time":"2024-08-28T14:21:05+00:00","og_image":[{"url":"https:\/\/solymare.com\/media\/2024\/06\/Kontakt_Solymare.jpg","type":"","width":"","height":""}],"twitter_card":"summary_large_image","schema":{"@context":"https:\/\/schema.org","@graph":[{"@type":"WebPage","@id":"https:\/\/solymare.com\/en\/contact\/","url":"https:\/\/solymare.com\/en\/contact\/","name":"Solymare.com - Get in touch now!","isPartOf":{"@id":"https:\/\/solymare.com\/en\/#website"},"primaryImageOfPage":{"@id":"https:\/\/solymare.com\/en\/contact\/#primaryimage"},"image":{"@id":"https:\/\/solymare.com\/en\/contact\/#primaryimage"},"thumbnailUrl":"https:\/\/solymare.com\/media\/2024\/06\/Kontakt_Solymare.jpg","datePublished":"2024-06-23T11:58:15+00:00","dateModified":"2024-08-28T14:21:05+00:00","description":"Get your tailored package of publishing real estate listings abroad. Sell real estate effectively to customers from Poland and abroad.","breadcrumb":{"@id":"https:\/\/solymare.com\/en\/contact\/#breadcrumb"},"inLanguage":"en-US","potentialAction":[{"@type":"ReadAction","target":["https:\/\/solymare.com\/en\/contact\/"]}]},{"@type":"ImageObject","inLanguage":"en-US","@id":"https:\/\/solymare.com\/en\/contact\/#primaryimage","url":"https:\/\/solymare.com\/media\/2024\/06\/Kontakt_Solymare.jpg","contentUrl":"https:\/\/solymare.com\/media\/2024\/06\/Kontakt_Solymare.jpg"},{"@type":"BreadcrumbList","@id":"https:\/\/solymare.com\/en\/contact\/#breadcrumb","itemListElement":[{"@type":"ListItem","position":1,"name":"Strona g\u0142\u00f3wna","item":"https:\/\/solymare.com\/en\/homepage\/"},{"@type":"ListItem","position":2,"name":"Contact"}]},{"@type":"WebSite","@id":"https:\/\/solymare.com\/en\/#website","url":"https:\/\/solymare.com\/en\/","name":"Solymare.com","description":"Foreign real estate platform - sunny houses and apartments in Spain, Dubai, Italy, Croatia, Albania, Turkey, Portugal. in Cyprus, etc.","publisher":{"@id":"https:\/\/solymare.com\/en\/#organization"},"potentialAction":[{"@type":"SearchAction","target":{"@type":"EntryPoint","urlTemplate":"https:\/\/solymare.com\/en\/?s={search_term_string}"},"query-input":{"@type":"PropertyValueSpecification","valueRequired":true,"valueName":"search_term_string"}}],"inLanguage":"en-US"},{"@type":"Organization","@id":"https:\/\/solymare.com\/en\/#organization","name":"SOLyMARE - platforma zagranicznych nieruchomo\u015bci","alternateName":"SOLYMARE","url":"https:\/\/solymare.com\/en\/","logo":{"@type":"ImageObject","inLanguage":"en-US","@id":"https:\/\/solymare.com\/en\/#\/schema\/logo\/image\/","url":"https:\/\/solymare.com\/media\/2024\/07\/logo.jpg","contentUrl":"https:\/\/solymare.com\/media\/2024\/07\/logo.jpg","width":200,"height":200,"caption":"SOLyMARE - platforma zagranicznych nieruchomo\u015bci"},"image":{"@id":"https:\/\/solymare.com\/en\/#\/schema\/logo\/image\/"},"sameAs":["https:\/\/www.facebook.com\/Solymare.platforma.zagranicznych.nieruchomosci","https:\/\/www.instagram.com\/solymare_portal_nieruchomosci\/"],"description":"Nasza platforma jest wiod\u0105cym miejscem spotka\u0144 dla inwestor\u00f3w, godnych zaufania agencji nieruchomo\u015bci oraz wynajmuj\u0105cych, kt\u00f3rzy poszukuj\u0105 wyj\u0105tkowych mo\u017cliwo\u015bci na rynkach nieruchomo\u015bci w takich krajach i miejscach jak Hiszpania, Dubaj, W\u0142ochy, Albania, Cypr, Gruzja i wielu innych.","email":"info@solymare.com"}]}},"_links":{"self":[{"href":"https:\/\/solymare.com\/en\/wp-json\/wp\/v2\/pages\/47428","targetHints":{"allow":["GET"]}}],"collection":[{"href":"https:\/\/solymare.com\/en\/wp-json\/wp\/v2\/pages"}],"about":[{"href":"https:\/\/solymare.com\/en\/wp-json\/wp\/v2\/types\/page"}],"author":[{"embeddable":true,"href":"https:\/\/solymare.com\/en\/wp-json\/wp\/v2\/users\/1"}],"replies":[{"embeddable":true,"href":"https:\/\/solymare.com\/en\/wp-json\/wp\/v2\/comments?post=47428"}],"version-history":[{"count":2,"href":"https:\/\/solymare.com\/en\/wp-json\/wp\/v2\/pages\/47428\/revisions"}],"predecessor-version":[{"id":50136,"href":"https:\/\/solymare.com\/en\/wp-json\/wp\/v2\/pages\/47428\/revisions\/50136"}],"wp:attachment":[{"href":"https:\/\/solymare.com\/en\/wp-json\/wp\/v2\/media?parent=47428"}],"curies":[{"name":"wp","href":"https:\/\/api.w.org\/{rel}","templated":true}]}}