{"id":49273,"date":"2020-02-18T11:55:58","date_gmt":"2020-02-18T10:55:58","guid":{"rendered":"https:\/\/solymare.com\/agencias-inmobiliarias\/"},"modified":"2024-08-21T17:10:29","modified_gmt":"2024-08-21T15:10:29","slug":"agencias-inmobiliarias","status":"publish","type":"page","link":"https:\/\/solymare.com\/es\/agencias-inmobiliarias\/","title":{"rendered":"Agencias inmobiliarias"},"content":{"rendered":"","protected":false},"excerpt":{"rendered":"","protected":false},"author":1,"featured_media":0,"parent":0,"menu_order":0,"comment_status":"closed","ping_status":"closed","template":"template\/template-agencies.php","meta":{"footnotes":""},"class_list":["post-49273","page","type-page","status-publish","hentry"],"yoast_head":"<!-- This site is optimized with the Yoast SEO Premium plugin v24.2 (Yoast SEO v25.1) - https:\/\/yoast.com\/wordpress\/plugins\/seo\/ -->\n<title>Solymare.com - Las mejores agencias inmobiliarias en el extranjero<\/title>\n<meta name=\"description\" content=\"\u00bfBuscas una agencia inmobiliaria en Espa\u00f1a, Albania, Dubai, Italia, etc.? Aqu\u00ed encontrar\u00e1s todas las agencias inmobiliarias importantes en el extranjero.\" \/>\n<meta name=\"robots\" content=\"index, follow, max-snippet:-1, max-image-preview:large, max-video-preview:-1\" \/>\n<link rel=\"canonical\" href=\"https:\/\/solymare.com\/es\/agencias-inmobiliarias\/\" \/>\n<meta property=\"og:locale\" content=\"es_ES\" \/>\n<meta property=\"og:type\" content=\"article\" \/>\n<meta property=\"og:title\" content=\"Agencias inmobiliarias de \u00e9xito en el extranjero\" \/>\n<meta property=\"og:description\" content=\"\u00bfBuscas una agencia inmobiliaria en Espa\u00f1a, Albania, Dubai, Italia, etc.? Aqu\u00ed encontrar\u00e1s todas las agencias inmobiliarias importantes en el extranjero.\" \/>\n<meta property=\"og:url\" content=\"https:\/\/solymare.com\/es\/agencias-inmobiliarias\/\" \/>\n<meta property=\"og:site_name\" content=\"SOLyMARE Platforma zagranicznych nieruchomo\u015bci.\" \/>\n<meta property=\"article:publisher\" content=\"https:\/\/www.facebook.com\/Solymare.platforma.zagranicznych.nieruchomosci\" \/>\n<meta property=\"article:modified_time\" content=\"2024-08-21T15:10:29+00:00\" \/>\n<meta property=\"og:image\" content=\"https:\/\/solymare.com\/media\/2024\/02\/SOLYMARE.png\" \/>\n\t<meta property=\"og:image:width\" content=\"500\" \/>\n\t<meta property=\"og:image:height\" content=\"500\" \/>\n\t<meta property=\"og:image:type\" content=\"image\/png\" \/>\n<meta name=\"twitter:card\" content=\"summary_large_image\" \/>\n<meta name=\"twitter:title\" content=\"Agencias inmobiliarias\" \/>\n<script type=\"application\/ld+json\" class=\"yoast-schema-graph\">{\"@context\":\"https:\/\/schema.org\",\"@graph\":[{\"@type\":\"WebPage\",\"@id\":\"https:\/\/solymare.com\/es\/agencias-inmobiliarias\/\",\"url\":\"https:\/\/solymare.com\/es\/agencias-inmobiliarias\/\",\"name\":\"Solymare.com - Las mejores agencias inmobiliarias en el extranjero\",\"isPartOf\":{\"@id\":\"https:\/\/solymare.com\/es\/#website\"},\"datePublished\":\"2020-02-18T10:55:58+00:00\",\"dateModified\":\"2024-08-21T15:10:29+00:00\",\"description\":\"\u00bfBuscas una agencia inmobiliaria en Espa\u00f1a, Albania, Dubai, Italia, etc.? Aqu\u00ed encontrar\u00e1s todas las agencias inmobiliarias importantes en el extranjero.\",\"breadcrumb\":{\"@id\":\"https:\/\/solymare.com\/es\/agencias-inmobiliarias\/#breadcrumb\"},\"inLanguage\":\"es\",\"potentialAction\":[{\"@type\":\"ReadAction\",\"target\":[\"https:\/\/solymare.com\/es\/agencias-inmobiliarias\/\"]}]},{\"@type\":\"BreadcrumbList\",\"@id\":\"https:\/\/solymare.com\/es\/agencias-inmobiliarias\/#breadcrumb\",\"itemListElement\":[{\"@type\":\"ListItem\",\"position\":1,\"name\":\"Strona g\u0142\u00f3wna\",\"item\":\"https:\/\/solymare.com\/es\/pagina-de-inicio\/\"},{\"@type\":\"ListItem\",\"position\":2,\"name\":\"Agencias inmobiliarias\"}]},{\"@type\":\"WebSite\",\"@id\":\"https:\/\/solymare.com\/es\/#website\",\"url\":\"https:\/\/solymare.com\/es\/\",\"name\":\"Solymare.com\",\"description\":\"Platforma zagranicznych nieruchomo\u015bci - s\u0142oneczne domy i apartamenty w Hiszpanii, Dubaju, W\u0142oszech, Chorwacji, Albanii, Turcji, Portugalii. na Cyprze, etc.\",\"publisher\":{\"@id\":\"https:\/\/solymare.com\/es\/#organization\"},\"potentialAction\":[{\"@type\":\"SearchAction\",\"target\":{\"@type\":\"EntryPoint\",\"urlTemplate\":\"https:\/\/solymare.com\/es\/?s={search_term_string}\"},\"query-input\":{\"@type\":\"PropertyValueSpecification\",\"valueRequired\":true,\"valueName\":\"search_term_string\"}}],\"inLanguage\":\"es\"},{\"@type\":\"Organization\",\"@id\":\"https:\/\/solymare.com\/es\/#organization\",\"name\":\"SOLyMARE - platforma zagranicznych nieruchomo\u015bci\",\"alternateName\":\"SOLYMARE\",\"url\":\"https:\/\/solymare.com\/es\/\",\"logo\":{\"@type\":\"ImageObject\",\"inLanguage\":\"es\",\"@id\":\"https:\/\/solymare.com\/es\/#\/schema\/logo\/image\/\",\"url\":\"https:\/\/solymare.com\/media\/2024\/07\/logo.jpg\",\"contentUrl\":\"https:\/\/solymare.com\/media\/2024\/07\/logo.jpg\",\"width\":200,\"height\":200,\"caption\":\"SOLyMARE - platforma zagranicznych nieruchomo\u015bci\"},\"image\":{\"@id\":\"https:\/\/solymare.com\/es\/#\/schema\/logo\/image\/\"},\"sameAs\":[\"https:\/\/www.facebook.com\/Solymare.platforma.zagranicznych.nieruchomosci\",\"https:\/\/www.instagram.com\/solymare_portal_nieruchomosci\/\"],\"description\":\"Nasza platforma jest wiod\u0105cym miejscem spotka\u0144 dla inwestor\u00f3w, godnych zaufania agencji nieruchomo\u015bci oraz wynajmuj\u0105cych, kt\u00f3rzy poszukuj\u0105 wyj\u0105tkowych mo\u017cliwo\u015bci na rynkach nieruchomo\u015bci w takich krajach i miejscach jak Hiszpania, Dubaj, W\u0142ochy, Albania, Cypr, Gruzja i wielu innych.\",\"email\":\"info@solymare.com\"}]}<\/script>\n<!-- \/ Yoast SEO Premium plugin. -->","yoast_head_json":{"title":"Solymare.com - Las mejores agencias inmobiliarias en el extranjero","description":"\u00bfBuscas una agencia inmobiliaria en Espa\u00f1a, Albania, Dubai, Italia, etc.? Aqu\u00ed encontrar\u00e1s todas las agencias inmobiliarias importantes en el extranjero.","robots":{"index":"index","follow":"follow","max-snippet":"max-snippet:-1","max-image-preview":"max-image-preview:large","max-video-preview":"max-video-preview:-1"},"canonical":"https:\/\/solymare.com\/es\/agencias-inmobiliarias\/","og_locale":"es_ES","og_type":"article","og_title":"Agencias inmobiliarias de \u00e9xito en el extranjero","og_description":"\u00bfBuscas una agencia inmobiliaria en Espa\u00f1a, Albania, Dubai, Italia, etc.? Aqu\u00ed encontrar\u00e1s todas las agencias inmobiliarias importantes en el extranjero.","og_url":"https:\/\/solymare.com\/es\/agencias-inmobiliarias\/","og_site_name":"SOLyMARE Platforma zagranicznych nieruchomo\u015bci.","article_publisher":"https:\/\/www.facebook.com\/Solymare.platforma.zagranicznych.nieruchomosci","article_modified_time":"2024-08-21T15:10:29+00:00","og_image":[{"width":500,"height":500,"url":"https:\/\/solymare.com\/media\/2024\/02\/SOLYMARE.png","type":"image\/png"}],"twitter_card":"summary_large_image","twitter_title":"Agencias inmobiliarias","schema":{"@context":"https:\/\/schema.org","@graph":[{"@type":"WebPage","@id":"https:\/\/solymare.com\/es\/agencias-inmobiliarias\/","url":"https:\/\/solymare.com\/es\/agencias-inmobiliarias\/","name":"Solymare.com - Las mejores agencias inmobiliarias en el extranjero","isPartOf":{"@id":"https:\/\/solymare.com\/es\/#website"},"datePublished":"2020-02-18T10:55:58+00:00","dateModified":"2024-08-21T15:10:29+00:00","description":"\u00bfBuscas una agencia inmobiliaria en Espa\u00f1a, Albania, Dubai, Italia, etc.? Aqu\u00ed encontrar\u00e1s todas las agencias inmobiliarias importantes en el extranjero.","breadcrumb":{"@id":"https:\/\/solymare.com\/es\/agencias-inmobiliarias\/#breadcrumb"},"inLanguage":"es","potentialAction":[{"@type":"ReadAction","target":["https:\/\/solymare.com\/es\/agencias-inmobiliarias\/"]}]},{"@type":"BreadcrumbList","@id":"https:\/\/solymare.com\/es\/agencias-inmobiliarias\/#breadcrumb","itemListElement":[{"@type":"ListItem","position":1,"name":"Strona g\u0142\u00f3wna","item":"https:\/\/solymare.com\/es\/pagina-de-inicio\/"},{"@type":"ListItem","position":2,"name":"Agencias inmobiliarias"}]},{"@type":"WebSite","@id":"https:\/\/solymare.com\/es\/#website","url":"https:\/\/solymare.com\/es\/","name":"Solymare.com","description":"Platforma zagranicznych nieruchomo\u015bci - s\u0142oneczne domy i apartamenty w Hiszpanii, Dubaju, W\u0142oszech, Chorwacji, Albanii, Turcji, Portugalii. na Cyprze, etc.","publisher":{"@id":"https:\/\/solymare.com\/es\/#organization"},"potentialAction":[{"@type":"SearchAction","target":{"@type":"EntryPoint","urlTemplate":"https:\/\/solymare.com\/es\/?s={search_term_string}"},"query-input":{"@type":"PropertyValueSpecification","valueRequired":true,"valueName":"search_term_string"}}],"inLanguage":"es"},{"@type":"Organization","@id":"https:\/\/solymare.com\/es\/#organization","name":"SOLyMARE - platforma zagranicznych nieruchomo\u015bci","alternateName":"SOLYMARE","url":"https:\/\/solymare.com\/es\/","logo":{"@type":"ImageObject","inLanguage":"es","@id":"https:\/\/solymare.com\/es\/#\/schema\/logo\/image\/","url":"https:\/\/solymare.com\/media\/2024\/07\/logo.jpg","contentUrl":"https:\/\/solymare.com\/media\/2024\/07\/logo.jpg","width":200,"height":200,"caption":"SOLyMARE - platforma zagranicznych nieruchomo\u015bci"},"image":{"@id":"https:\/\/solymare.com\/es\/#\/schema\/logo\/image\/"},"sameAs":["https:\/\/www.facebook.com\/Solymare.platforma.zagranicznych.nieruchomosci","https:\/\/www.instagram.com\/solymare_portal_nieruchomosci\/"],"description":"Nasza platforma jest wiod\u0105cym miejscem spotka\u0144 dla inwestor\u00f3w, godnych zaufania agencji nieruchomo\u015bci oraz wynajmuj\u0105cych, kt\u00f3rzy poszukuj\u0105 wyj\u0105tkowych mo\u017cliwo\u015bci na rynkach nieruchomo\u015bci w takich krajach i miejscach jak Hiszpania, Dubaj, W\u0142ochy, Albania, Cypr, Gruzja i wielu innych.","email":"info@solymare.com"}]}},"_links":{"self":[{"href":"https:\/\/solymare.com\/es\/wp-json\/wp\/v2\/pages\/49273","targetHints":{"allow":["GET"]}}],"collection":[{"href":"https:\/\/solymare.com\/es\/wp-json\/wp\/v2\/pages"}],"about":[{"href":"https:\/\/solymare.com\/es\/wp-json\/wp\/v2\/types\/page"}],"author":[{"embeddable":true,"href":"https:\/\/solymare.com\/es\/wp-json\/wp\/v2\/users\/1"}],"replies":[{"embeddable":true,"href":"https:\/\/solymare.com\/es\/wp-json\/wp\/v2\/comments?post=49273"}],"version-history":[{"count":1,"href":"https:\/\/solymare.com\/es\/wp-json\/wp\/v2\/pages\/49273\/revisions"}],"predecessor-version":[{"id":49275,"href":"https:\/\/solymare.com\/es\/wp-json\/wp\/v2\/pages\/49273\/revisions\/49275"}],"wp:attachment":[{"href":"https:\/\/solymare.com\/es\/wp-json\/wp\/v2\/media?parent=49273"}],"curies":[{"name":"wp","href":"https:\/\/api.w.org\/{rel}","templated":true}]}}