{"id":47561,"date":"2024-01-26T15:57:04","date_gmt":"2024-01-26T14:57:04","guid":{"rendered":"https:\/\/solymare.com\/%d1%80%d0%b5%d0%b7%d1%83%d0%bb%d1%8c%d1%82%d0%b0%d1%82%d0%b8-%d0%bf%d0%be%d1%88%d1%83%d0%ba%d1%83\/"},"modified":"2024-01-26T15:57:04","modified_gmt":"2024-01-26T14:57:04","slug":"%d1%80%d0%b5%d0%b7%d1%83%d0%bb%d1%8c%d1%82%d0%b0%d1%82%d0%b8-%d0%bf%d0%be%d1%88%d1%83%d0%ba%d1%83","status":"publish","type":"page","link":"https:\/\/solymare.com\/uk\/%d1%80%d0%b5%d0%b7%d1%83%d0%bb%d1%8c%d1%82%d0%b0%d1%82%d0%b8-%d0%bf%d0%be%d1%88%d1%83%d0%ba%d1%83\/","title":{"rendered":"\u0420\u0435\u0437\u0443\u043b\u044c\u0442\u0430\u0442\u0438 \u043f\u043e\u0448\u0443\u043a\u0443"},"content":{"rendered":"","protected":false},"excerpt":{"rendered":"","protected":false},"author":1,"featured_media":0,"parent":0,"menu_order":0,"comment_status":"closed","ping_status":"closed","template":"template\/template-search.php","meta":{"footnotes":""},"class_list":["post-47561","page","type-page","status-publish","hentry"],"yoast_head":"<!-- This site is optimized with the Yoast SEO Premium plugin v24.2 (Yoast SEO v25.1) - https:\/\/yoast.com\/wordpress\/plugins\/seo\/ -->\n<title>Solymare.com - \u042f\u043a \u0448\u0443\u043a\u0430\u0442\u0438 \u043d\u0435\u0440\u0443\u0445\u043e\u043c\u0456\u0441\u0442\u044c \u0437\u0430 \u043a\u043e\u0440\u0434\u043e\u043d\u043e\u043c?<\/title>\n<meta name=\"description\" content=\"\u0425\u043e\u0447\u0435\u0442\u0435 \u0437\u043d\u0430\u0439\u0442\u0438 \u043d\u0435\u0440\u0443\u0445\u043e\u043c\u0456\u0441\u0442\u044c \u0432 \u0406\u0441\u043f\u0430\u043d\u0456\u0457, \u0406\u0442\u0430\u043b\u0456\u0457, \u0414\u0443\u0431\u0430\u0457, \u041a\u0456\u043f\u0440\u0456 \u0442\u043e\u0449\u043e? \u0421\u043a\u043e\u0440\u0438\u0441\u0442\u0430\u0439\u0442\u0435\u0441\u044f \u043d\u0430\u0448\u043e\u044e \u0441\u043f\u0435\u0446\u0456\u0430\u043b\u044c\u043d\u043e\u044e \u043f\u043e\u0448\u0443\u043a\u043e\u0432\u043e\u044e \u0441\u0438\u0441\u0442\u0435\u043c\u043e\u044e \u0434\u043b\u044f \u043f\u043e\u0448\u0443\u043a\u0443 \u043d\u0435\u0440\u0443\u0445\u043e\u043c\u043e\u0441\u0442\u0456 \u0437\u0430 \u043a\u043e\u0440\u0434\u043e\u043d\u043e\u043c.\" \/>\n<meta name=\"robots\" content=\"index, follow, max-snippet:-1, max-image-preview:large, max-video-preview:-1\" \/>\n<link rel=\"canonical\" href=\"https:\/\/solymare.com\/uk\/%d1%80%d0%b5%d0%b7%d1%83%d0%bb%d1%8c%d1%82%d0%b0%d1%82%d0%b8-%d0%bf%d0%be%d1%88%d1%83%d0%ba%d1%83\/\" \/>\n<meta property=\"og:locale\" content=\"uk_UA\" \/>\n<meta property=\"og:type\" content=\"article\" \/>\n<meta property=\"og:title\" content=\"\u042f\u043a \u0432\u0438 \u0448\u0443\u043a\u0430\u0454\u0442\u0435 \u043d\u0435\u0440\u0443\u0445\u043e\u043c\u0456\u0441\u0442\u044c \u0437\u0430 \u043a\u043e\u0440\u0434\u043e\u043d\u043e\u043c?\" \/>\n<meta property=\"og:description\" content=\"\u0425\u043e\u0447\u0435\u0442\u0435 \u0437\u043d\u0430\u0439\u0442\u0438 \u043d\u0435\u0440\u0443\u0445\u043e\u043c\u0456\u0441\u0442\u044c \u0432 \u0406\u0441\u043f\u0430\u043d\u0456\u0457, \u0406\u0442\u0430\u043b\u0456\u0457, \u0414\u0443\u0431\u0430\u0457, \u041f\u043e\u0440\u0442\u0443\u0433\u0430\u043b\u0456\u0457, \u0410\u043b\u0431\u0430\u043d\u0456\u0457, \u041a\u0456\u043f\u0440\u0456 \u0442\u043e\u0449\u043e? \u0421\u043a\u043e\u0440\u0438\u0441\u0442\u0430\u0439\u0442\u0435\u0441\u044f \u043d\u0430\u0448\u043e\u044e \u0441\u043f\u0435\u0446\u0456\u0430\u043b\u044c\u043d\u043e\u044e \u043f\u043e\u0448\u0443\u043a\u043e\u0432\u043e\u044e \u0441\u0438\u0441\u0442\u0435\u043c\u043e\u044e \u0434\u043b\u044f \u043f\u043e\u0448\u0443\u043a\u0443 \u043d\u0435\u0440\u0443\u0445\u043e\u043c\u043e\u0441\u0442\u0456 \u0437\u0430 \u043a\u043e\u0440\u0434\u043e\u043d\u043e\u043c \u043f\u0440\u044f\u043c\u043e \u0437\u0430\u0440\u0430\u0437.\" \/>\n<meta property=\"og:url\" content=\"https:\/\/solymare.com\/uk\/%d1%80%d0%b5%d0%b7%d1%83%d0%bb%d1%8c%d1%82%d0%b0%d1%82%d0%b8-%d0%bf%d0%be%d1%88%d1%83%d0%ba%d1%83\/\" \/>\n<meta property=\"og:site_name\" content=\"SOLyMARE Platforma zagranicznych nieruchomo\u015bci.\" \/>\n<meta property=\"article:publisher\" content=\"https:\/\/www.facebook.com\/Solymare.platforma.zagranicznych.nieruchomosci\" \/>\n<meta property=\"og:image\" content=\"https:\/\/solymare.com\/media\/2024\/02\/SOLYMARE.png\" \/>\n\t<meta property=\"og:image:width\" content=\"500\" \/>\n\t<meta property=\"og:image:height\" content=\"500\" \/>\n\t<meta property=\"og:image:type\" content=\"image\/png\" \/>\n<meta name=\"twitter:card\" content=\"summary_large_image\" \/>\n<meta name=\"twitter:title\" content=\"\u0420\u0435\u0437\u0443\u043b\u044c\u0442\u0430\u0442\u0438 \u043f\u043e\u0448\u0443\u043a\u0443\" \/>\n<script type=\"application\/ld+json\" class=\"yoast-schema-graph\">{\"@context\":\"https:\/\/schema.org\",\"@graph\":[{\"@type\":\"WebPage\",\"@id\":\"https:\/\/solymare.com\/uk\/%d1%80%d0%b5%d0%b7%d1%83%d0%bb%d1%8c%d1%82%d0%b0%d1%82%d0%b8-%d0%bf%d0%be%d1%88%d1%83%d0%ba%d1%83\/\",\"url\":\"https:\/\/solymare.com\/uk\/%d1%80%d0%b5%d0%b7%d1%83%d0%bb%d1%8c%d1%82%d0%b0%d1%82%d0%b8-%d0%bf%d0%be%d1%88%d1%83%d0%ba%d1%83\/\",\"name\":\"Solymare.com - \u042f\u043a \u0448\u0443\u043a\u0430\u0442\u0438 \u043d\u0435\u0440\u0443\u0445\u043e\u043c\u0456\u0441\u0442\u044c \u0437\u0430 \u043a\u043e\u0440\u0434\u043e\u043d\u043e\u043c?\",\"isPartOf\":{\"@id\":\"https:\/\/solymare.com\/uk\/#website\"},\"datePublished\":\"2024-01-26T14:57:04+00:00\",\"description\":\"\u0425\u043e\u0447\u0435\u0442\u0435 \u0437\u043d\u0430\u0439\u0442\u0438 \u043d\u0435\u0440\u0443\u0445\u043e\u043c\u0456\u0441\u0442\u044c \u0432 \u0406\u0441\u043f\u0430\u043d\u0456\u0457, \u0406\u0442\u0430\u043b\u0456\u0457, \u0414\u0443\u0431\u0430\u0457, \u041a\u0456\u043f\u0440\u0456 \u0442\u043e\u0449\u043e? \u0421\u043a\u043e\u0440\u0438\u0441\u0442\u0430\u0439\u0442\u0435\u0441\u044f \u043d\u0430\u0448\u043e\u044e \u0441\u043f\u0435\u0446\u0456\u0430\u043b\u044c\u043d\u043e\u044e \u043f\u043e\u0448\u0443\u043a\u043e\u0432\u043e\u044e \u0441\u0438\u0441\u0442\u0435\u043c\u043e\u044e \u0434\u043b\u044f \u043f\u043e\u0448\u0443\u043a\u0443 \u043d\u0435\u0440\u0443\u0445\u043e\u043c\u043e\u0441\u0442\u0456 \u0437\u0430 \u043a\u043e\u0440\u0434\u043e\u043d\u043e\u043c.\",\"breadcrumb\":{\"@id\":\"https:\/\/solymare.com\/uk\/%d1%80%d0%b5%d0%b7%d1%83%d0%bb%d1%8c%d1%82%d0%b0%d1%82%d0%b8-%d0%bf%d0%be%d1%88%d1%83%d0%ba%d1%83\/#breadcrumb\"},\"inLanguage\":\"uk\",\"potentialAction\":[{\"@type\":\"ReadAction\",\"target\":[\"https:\/\/solymare.com\/uk\/%d1%80%d0%b5%d0%b7%d1%83%d0%bb%d1%8c%d1%82%d0%b0%d1%82%d0%b8-%d0%bf%d0%be%d1%88%d1%83%d0%ba%d1%83\/\"]}]},{\"@type\":\"BreadcrumbList\",\"@id\":\"https:\/\/solymare.com\/uk\/%d1%80%d0%b5%d0%b7%d1%83%d0%bb%d1%8c%d1%82%d0%b0%d1%82%d0%b8-%d0%bf%d0%be%d1%88%d1%83%d0%ba%d1%83\/#breadcrumb\",\"itemListElement\":[{\"@type\":\"ListItem\",\"position\":1,\"name\":\"Strona g\u0142\u00f3wna\",\"item\":\"https:\/\/solymare.com\/uk\/%d0%b3%d0%be%d0%bb%d0%be%d0%b2%d0%bd%d0%b0-%d1%81%d1%82%d0%be%d1%80%d1%96%d0%bd%d0%ba%d0%b0\/\"},{\"@type\":\"ListItem\",\"position\":2,\"name\":\"\u0420\u0435\u0437\u0443\u043b\u044c\u0442\u0430\u0442\u0438 \u043f\u043e\u0448\u0443\u043a\u0443\"}]},{\"@type\":\"WebSite\",\"@id\":\"https:\/\/solymare.com\/uk\/#website\",\"url\":\"https:\/\/solymare.com\/uk\/\",\"name\":\"Solymare.com\",\"description\":\"Platforma zagranicznych nieruchomo\u015bci - s\u0142oneczne domy i apartamenty w Hiszpanii, Dubaju, W\u0142oszech, Chorwacji, Albanii, Turcji, Portugalii. na Cyprze, etc.\",\"publisher\":{\"@id\":\"https:\/\/solymare.com\/uk\/#organization\"},\"potentialAction\":[{\"@type\":\"SearchAction\",\"target\":{\"@type\":\"EntryPoint\",\"urlTemplate\":\"https:\/\/solymare.com\/uk\/?s={search_term_string}\"},\"query-input\":{\"@type\":\"PropertyValueSpecification\",\"valueRequired\":true,\"valueName\":\"search_term_string\"}}],\"inLanguage\":\"uk\"},{\"@type\":\"Organization\",\"@id\":\"https:\/\/solymare.com\/uk\/#organization\",\"name\":\"SOLyMARE - platforma zagranicznych nieruchomo\u015bci\",\"alternateName\":\"SOLYMARE\",\"url\":\"https:\/\/solymare.com\/uk\/\",\"logo\":{\"@type\":\"ImageObject\",\"inLanguage\":\"uk\",\"@id\":\"https:\/\/solymare.com\/uk\/#\/schema\/logo\/image\/\",\"url\":\"https:\/\/solymare.com\/media\/2024\/07\/logo.jpg\",\"contentUrl\":\"https:\/\/solymare.com\/media\/2024\/07\/logo.jpg\",\"width\":200,\"height\":200,\"caption\":\"SOLyMARE - platforma zagranicznych nieruchomo\u015bci\"},\"image\":{\"@id\":\"https:\/\/solymare.com\/uk\/#\/schema\/logo\/image\/\"},\"sameAs\":[\"https:\/\/www.facebook.com\/Solymare.platforma.zagranicznych.nieruchomosci\",\"https:\/\/www.instagram.com\/solymare_portal_nieruchomosci\/\"],\"description\":\"Nasza platforma jest wiod\u0105cym miejscem spotka\u0144 dla inwestor\u00f3w, godnych zaufania agencji nieruchomo\u015bci oraz wynajmuj\u0105cych, kt\u00f3rzy poszukuj\u0105 wyj\u0105tkowych mo\u017cliwo\u015bci na rynkach nieruchomo\u015bci w takich krajach i miejscach jak Hiszpania, Dubaj, W\u0142ochy, Albania, Cypr, Gruzja i wielu innych.\",\"email\":\"info@solymare.com\"}]}<\/script>\n<!-- \/ Yoast SEO Premium plugin. -->","yoast_head_json":{"title":"Solymare.com - \u042f\u043a \u0448\u0443\u043a\u0430\u0442\u0438 \u043d\u0435\u0440\u0443\u0445\u043e\u043c\u0456\u0441\u0442\u044c \u0437\u0430 \u043a\u043e\u0440\u0434\u043e\u043d\u043e\u043c?","description":"\u0425\u043e\u0447\u0435\u0442\u0435 \u0437\u043d\u0430\u0439\u0442\u0438 \u043d\u0435\u0440\u0443\u0445\u043e\u043c\u0456\u0441\u0442\u044c \u0432 \u0406\u0441\u043f\u0430\u043d\u0456\u0457, \u0406\u0442\u0430\u043b\u0456\u0457, \u0414\u0443\u0431\u0430\u0457, \u041a\u0456\u043f\u0440\u0456 \u0442\u043e\u0449\u043e? \u0421\u043a\u043e\u0440\u0438\u0441\u0442\u0430\u0439\u0442\u0435\u0441\u044f \u043d\u0430\u0448\u043e\u044e \u0441\u043f\u0435\u0446\u0456\u0430\u043b\u044c\u043d\u043e\u044e \u043f\u043e\u0448\u0443\u043a\u043e\u0432\u043e\u044e \u0441\u0438\u0441\u0442\u0435\u043c\u043e\u044e \u0434\u043b\u044f \u043f\u043e\u0448\u0443\u043a\u0443 \u043d\u0435\u0440\u0443\u0445\u043e\u043c\u043e\u0441\u0442\u0456 \u0437\u0430 \u043a\u043e\u0440\u0434\u043e\u043d\u043e\u043c.","robots":{"index":"index","follow":"follow","max-snippet":"max-snippet:-1","max-image-preview":"max-image-preview:large","max-video-preview":"max-video-preview:-1"},"canonical":"https:\/\/solymare.com\/uk\/%d1%80%d0%b5%d0%b7%d1%83%d0%bb%d1%8c%d1%82%d0%b0%d1%82%d0%b8-%d0%bf%d0%be%d1%88%d1%83%d0%ba%d1%83\/","og_locale":"uk_UA","og_type":"article","og_title":"\u042f\u043a \u0432\u0438 \u0448\u0443\u043a\u0430\u0454\u0442\u0435 \u043d\u0435\u0440\u0443\u0445\u043e\u043c\u0456\u0441\u0442\u044c \u0437\u0430 \u043a\u043e\u0440\u0434\u043e\u043d\u043e\u043c?","og_description":"\u0425\u043e\u0447\u0435\u0442\u0435 \u0437\u043d\u0430\u0439\u0442\u0438 \u043d\u0435\u0440\u0443\u0445\u043e\u043c\u0456\u0441\u0442\u044c \u0432 \u0406\u0441\u043f\u0430\u043d\u0456\u0457, \u0406\u0442\u0430\u043b\u0456\u0457, \u0414\u0443\u0431\u0430\u0457, \u041f\u043e\u0440\u0442\u0443\u0433\u0430\u043b\u0456\u0457, \u0410\u043b\u0431\u0430\u043d\u0456\u0457, \u041a\u0456\u043f\u0440\u0456 \u0442\u043e\u0449\u043e? \u0421\u043a\u043e\u0440\u0438\u0441\u0442\u0430\u0439\u0442\u0435\u0441\u044f \u043d\u0430\u0448\u043e\u044e \u0441\u043f\u0435\u0446\u0456\u0430\u043b\u044c\u043d\u043e\u044e \u043f\u043e\u0448\u0443\u043a\u043e\u0432\u043e\u044e \u0441\u0438\u0441\u0442\u0435\u043c\u043e\u044e \u0434\u043b\u044f \u043f\u043e\u0448\u0443\u043a\u0443 \u043d\u0435\u0440\u0443\u0445\u043e\u043c\u043e\u0441\u0442\u0456 \u0437\u0430 \u043a\u043e\u0440\u0434\u043e\u043d\u043e\u043c \u043f\u0440\u044f\u043c\u043e \u0437\u0430\u0440\u0430\u0437.","og_url":"https:\/\/solymare.com\/uk\/%d1%80%d0%b5%d0%b7%d1%83%d0%bb%d1%8c%d1%82%d0%b0%d1%82%d0%b8-%d0%bf%d0%be%d1%88%d1%83%d0%ba%d1%83\/","og_site_name":"SOLyMARE Platforma zagranicznych nieruchomo\u015bci.","article_publisher":"https:\/\/www.facebook.com\/Solymare.platforma.zagranicznych.nieruchomosci","og_image":[{"width":500,"height":500,"url":"https:\/\/solymare.com\/media\/2024\/02\/SOLYMARE.png","type":"image\/png"}],"twitter_card":"summary_large_image","twitter_title":"\u0420\u0435\u0437\u0443\u043b\u044c\u0442\u0430\u0442\u0438 \u043f\u043e\u0448\u0443\u043a\u0443","schema":{"@context":"https:\/\/schema.org","@graph":[{"@type":"WebPage","@id":"https:\/\/solymare.com\/uk\/%d1%80%d0%b5%d0%b7%d1%83%d0%bb%d1%8c%d1%82%d0%b0%d1%82%d0%b8-%d0%bf%d0%be%d1%88%d1%83%d0%ba%d1%83\/","url":"https:\/\/solymare.com\/uk\/%d1%80%d0%b5%d0%b7%d1%83%d0%bb%d1%8c%d1%82%d0%b0%d1%82%d0%b8-%d0%bf%d0%be%d1%88%d1%83%d0%ba%d1%83\/","name":"Solymare.com - \u042f\u043a \u0448\u0443\u043a\u0430\u0442\u0438 \u043d\u0435\u0440\u0443\u0445\u043e\u043c\u0456\u0441\u0442\u044c \u0437\u0430 \u043a\u043e\u0440\u0434\u043e\u043d\u043e\u043c?","isPartOf":{"@id":"https:\/\/solymare.com\/uk\/#website"},"datePublished":"2024-01-26T14:57:04+00:00","description":"\u0425\u043e\u0447\u0435\u0442\u0435 \u0437\u043d\u0430\u0439\u0442\u0438 \u043d\u0435\u0440\u0443\u0445\u043e\u043c\u0456\u0441\u0442\u044c \u0432 \u0406\u0441\u043f\u0430\u043d\u0456\u0457, \u0406\u0442\u0430\u043b\u0456\u0457, \u0414\u0443\u0431\u0430\u0457, \u041a\u0456\u043f\u0440\u0456 \u0442\u043e\u0449\u043e? \u0421\u043a\u043e\u0440\u0438\u0441\u0442\u0430\u0439\u0442\u0435\u0441\u044f \u043d\u0430\u0448\u043e\u044e \u0441\u043f\u0435\u0446\u0456\u0430\u043b\u044c\u043d\u043e\u044e \u043f\u043e\u0448\u0443\u043a\u043e\u0432\u043e\u044e \u0441\u0438\u0441\u0442\u0435\u043c\u043e\u044e \u0434\u043b\u044f \u043f\u043e\u0448\u0443\u043a\u0443 \u043d\u0435\u0440\u0443\u0445\u043e\u043c\u043e\u0441\u0442\u0456 \u0437\u0430 \u043a\u043e\u0440\u0434\u043e\u043d\u043e\u043c.","breadcrumb":{"@id":"https:\/\/solymare.com\/uk\/%d1%80%d0%b5%d0%b7%d1%83%d0%bb%d1%8c%d1%82%d0%b0%d1%82%d0%b8-%d0%bf%d0%be%d1%88%d1%83%d0%ba%d1%83\/#breadcrumb"},"inLanguage":"uk","potentialAction":[{"@type":"ReadAction","target":["https:\/\/solymare.com\/uk\/%d1%80%d0%b5%d0%b7%d1%83%d0%bb%d1%8c%d1%82%d0%b0%d1%82%d0%b8-%d0%bf%d0%be%d1%88%d1%83%d0%ba%d1%83\/"]}]},{"@type":"BreadcrumbList","@id":"https:\/\/solymare.com\/uk\/%d1%80%d0%b5%d0%b7%d1%83%d0%bb%d1%8c%d1%82%d0%b0%d1%82%d0%b8-%d0%bf%d0%be%d1%88%d1%83%d0%ba%d1%83\/#breadcrumb","itemListElement":[{"@type":"ListItem","position":1,"name":"Strona g\u0142\u00f3wna","item":"https:\/\/solymare.com\/uk\/%d0%b3%d0%be%d0%bb%d0%be%d0%b2%d0%bd%d0%b0-%d1%81%d1%82%d0%be%d1%80%d1%96%d0%bd%d0%ba%d0%b0\/"},{"@type":"ListItem","position":2,"name":"\u0420\u0435\u0437\u0443\u043b\u044c\u0442\u0430\u0442\u0438 \u043f\u043e\u0448\u0443\u043a\u0443"}]},{"@type":"WebSite","@id":"https:\/\/solymare.com\/uk\/#website","url":"https:\/\/solymare.com\/uk\/","name":"Solymare.com","description":"Platforma zagranicznych nieruchomo\u015bci - s\u0142oneczne domy i apartamenty w Hiszpanii, Dubaju, W\u0142oszech, Chorwacji, Albanii, Turcji, Portugalii. na Cyprze, etc.","publisher":{"@id":"https:\/\/solymare.com\/uk\/#organization"},"potentialAction":[{"@type":"SearchAction","target":{"@type":"EntryPoint","urlTemplate":"https:\/\/solymare.com\/uk\/?s={search_term_string}"},"query-input":{"@type":"PropertyValueSpecification","valueRequired":true,"valueName":"search_term_string"}}],"inLanguage":"uk"},{"@type":"Organization","@id":"https:\/\/solymare.com\/uk\/#organization","name":"SOLyMARE - platforma zagranicznych nieruchomo\u015bci","alternateName":"SOLYMARE","url":"https:\/\/solymare.com\/uk\/","logo":{"@type":"ImageObject","inLanguage":"uk","@id":"https:\/\/solymare.com\/uk\/#\/schema\/logo\/image\/","url":"https:\/\/solymare.com\/media\/2024\/07\/logo.jpg","contentUrl":"https:\/\/solymare.com\/media\/2024\/07\/logo.jpg","width":200,"height":200,"caption":"SOLyMARE - platforma zagranicznych nieruchomo\u015bci"},"image":{"@id":"https:\/\/solymare.com\/uk\/#\/schema\/logo\/image\/"},"sameAs":["https:\/\/www.facebook.com\/Solymare.platforma.zagranicznych.nieruchomosci","https:\/\/www.instagram.com\/solymare_portal_nieruchomosci\/"],"description":"Nasza platforma jest wiod\u0105cym miejscem spotka\u0144 dla inwestor\u00f3w, godnych zaufania agencji nieruchomo\u015bci oraz wynajmuj\u0105cych, kt\u00f3rzy poszukuj\u0105 wyj\u0105tkowych mo\u017cliwo\u015bci na rynkach nieruchomo\u015bci w takich krajach i miejscach jak Hiszpania, Dubaj, W\u0142ochy, Albania, Cypr, Gruzja i wielu innych.","email":"info@solymare.com"}]}},"_links":{"self":[{"href":"https:\/\/solymare.com\/uk\/wp-json\/wp\/v2\/pages\/47561","targetHints":{"allow":["GET"]}}],"collection":[{"href":"https:\/\/solymare.com\/uk\/wp-json\/wp\/v2\/pages"}],"about":[{"href":"https:\/\/solymare.com\/uk\/wp-json\/wp\/v2\/types\/page"}],"author":[{"embeddable":true,"href":"https:\/\/solymare.com\/uk\/wp-json\/wp\/v2\/users\/1"}],"replies":[{"embeddable":true,"href":"https:\/\/solymare.com\/uk\/wp-json\/wp\/v2\/comments?post=47561"}],"version-history":[{"count":0,"href":"https:\/\/solymare.com\/uk\/wp-json\/wp\/v2\/pages\/47561\/revisions"}],"wp:attachment":[{"href":"https:\/\/solymare.com\/uk\/wp-json\/wp\/v2\/media?parent=47561"}],"curies":[{"name":"wp","href":"https:\/\/api.w.org\/{rel}","templated":true}]}}