{"id":49229,"date":"2024-05-13T13:03:33","date_gmt":"2024-05-13T11:03:33","guid":{"rendered":"https:\/\/solymare.com\/regulamin-serwisu-internetowego-solymare\/"},"modified":"2024-05-13T13:03:33","modified_gmt":"2024-05-13T13:03:33","slug":"regulamin-serwisu-internetowego-solymare","status":"publish","type":"page","link":"https:\/\/solymare.com\/uk\/regulamin-serwisu-internetowego-solymare\/","title":{"rendered":"Regulamin serwisu internetowego Solymare"},"content":{"rendered":"\t\t<div data-elementor-type=\"wp-page\" data-elementor-id=\"49229\" class=\"elementor elementor-49229 elementor-22246\" data-elementor-post-type=\"page\">\n\t\t\t\t<div class=\"elementor-element elementor-element-a9fd9ee e-flex e-con-boxed e-con e-parent\" data-id=\"a9fd9ee\" data-element_type=\"container\">\n\t\t\t\t\t<div class=\"e-con-inner\">\n\t\t\t\t<div class=\"elementor-element elementor-element-953bfb0 elementor-widget elementor-widget-spacer\" data-id=\"953bfb0\" data-element_type=\"widget\" data-widget_type=\"spacer.default\">\n\t\t\t\t<div class=\"elementor-widget-container\">\n\t\t\t\t\t\t\t<div class=\"elementor-spacer\">\n\t\t\t<div class=\"elementor-spacer-inner\"><\/div>\n\t\t<\/div>\n\t\t\t\t\t\t<\/div>\n\t\t\t\t<\/div>\n\t\t\t\t<div class=\"elementor-element elementor-element-433d55d elementor-widget elementor-widget-heading\" data-id=\"433d55d\" data-element_type=\"widget\" data-widget_type=\"heading.default\">\n\t\t\t\t<div class=\"elementor-widget-container\">\n\t\t\t\t\t<h2 class=\"elementor-heading-title elementor-size-default\">Regulamin Serwisu Solymare<\/h2>\t\t\t\t<\/div>\n\t\t\t\t<\/div>\n\t\t\t\t<div class=\"elementor-element elementor-element-1e8a40a elementor-widget elementor-widget-text-editor\" data-id=\"1e8a40a\" data-element_type=\"widget\" data-widget_type=\"text-editor.default\">\n\t\t\t\t<div class=\"elementor-widget-container\">\n\t\t\t\t\t\t\t\t\t<p>Niniejszy Regulamin, jest Regulaminem o kt\u00f3rym mowa w art. 8 Ustawy z dnia 18 lipca 2002 r. o \u015bwiadczeniu us\u0142ug drog\u0105 elektroniczn\u0105 (Dz. U. z 2002 r. Nr 144, poz. 1204 ze zm.), a tak\u017ce reguluje warunki zawierania Um\u00f3w sprzeda\u017cy w Serwisie, zgodnie z tre\u015bci\u0105 innych ustaw, odpowiednio reguluj\u0105cych ten obowi\u0105zek.<\/p><p>Artyku\u0142 1: Og\u00f3lne postanowienia<\/p><ol><li>Niniejszy regulamin okre\u015bla zasady korzystania z us\u0142ug \u015bwiadczonych przez firm\u0119 Active IT Dariusz Wtyk\u0142o za po\u015brednictwem serwisu internetowego Solymare, kt\u00f3re umo\u017cliwiaj\u0105 u\u017cytkownikom zamieszczanie og\u0142osze\u0144 dotycz\u0105cych rynku nieruchomo\u015bci.<\/li><li>Aby uzyska\u0107 dost\u0119p do serwisu Solymare, u\u017cytkownik musi korzysta\u0107 z urz\u0105dzenia z dost\u0119pem do Internetu i zainstalowanej powszechnie u\u017cywanej przegl\u0105darki internetowej.<\/li><\/ol><p>Artyku\u0142 2: Definicje<\/p><ol><li>Operator: Firma Active IT Dariusz Wtyk\u0142o z siedzib\u0105 w Warszawie (02-972), ul. Sarmacka 19\/188, NIP:5631975937 prowadz\u0105ca serwis Solymare, dost\u0119pny pod adresem solymare.com.<\/li><li>Serwis Solymare: Internetowy serwis og\u0142oszeniowy, umo\u017cliwiaj\u0105cy u\u017cytkownikom zamieszczanie i przegl\u0105danie og\u0142osze\u0144 dotycz\u0105cych nieruchomo\u015bci.<\/li><li>Og\u0142oszenie: Tre\u015b\u0107 sporz\u0105dzona przez u\u017cytkownika dotycz\u0105ca sprzeda\u017cy, kupna, wynajmu lub najmu nieruchomo\u015bci.<\/li><li>U\u017cytkownik: Osoba fizyczna lub prawna, korzystaj\u0105ca z serwisu Solymare i posiadaj\u0105ca konto w tym serwisie.<\/li><li>Konto: Przypisane do u\u017cytkownika konto umo\u017cliwiaj\u0105ce mu korzystanie z okre\u015blonych funkcji serwisu.<\/li><li>Regulamin: Niniejszy dokument.<\/li><li>Cennik: Wykaz op\u0142at za us\u0142ugi \u015bwiadczone w ramach serwisu Solymare.<\/li><\/ol><p>Artyku\u0142 3: Og\u00f3lne warunki korzystania z serwisu<\/p><ol><li>Og\u0142oszenie powinno by\u0107 jasne, dok\u0142adne i rzetelne, nie wprowadzaj\u0105ce w b\u0142\u0105d co do stanu prawnego i technicznego nieruchomo\u015bci oraz jej parametr\u00f3w.<\/li><li>Og\u0142oszenia s\u0105 dost\u0119pne dla wszystkich u\u017cytkownik\u00f3w internetu, a do\u0142\u0105czony jest do nich formularz kontaktowy.<\/li><li>Ka\u017cde og\u0142oszenie dotyczy tylko jednej nieruchomo\u015bci.<\/li><li>Niedopuszczalne jest publikowanie tre\u015bci obra\u017aliwych czy naruszaj\u0105cych dobre obyczaje.<\/li><li>Niedopuszczalne jest umieszczanie w tytule i opisie og\u0142oszenia oraz w publikowanych tre\u015bciach wszelkich danych kontaktowych, w tym numer\u00f3w telefon\u00f3w, adres\u00f3w stron internetowych, odno\u015bnik\u00f3w do social medi\u00f3w za wyj\u0105tkiem miejsc do tego wprost przeznaczonych i za zgod\u0105 operatora. Nieprzestrzeganie regulaminu mo\u017ce wi\u0105za\u0107 si\u0119 z moderacj\u0105 lub brakiem publikacji tre\u015bci. Wszystkie niezgodne tre\u015bci s\u0105 usuwane, a czas akceptacji publikacji tre\u015bci mo\u017ce si\u0119 znacznie wyd\u0142u\u017cy\u0107.<\/li><li>Okres emisji og\u0142oszenia zale\u017cy od oferty zamieszczonej w Cenniku.<\/li><li>U\u017cytkownik ponosi pe\u0142n\u0105 odpowiedzialno\u015b\u0107 za tre\u015b\u0107 og\u0142osze\u0144, publikowanych przez niego tre\u015bci i zapewnia, \u017ce s\u0105 one zgodne z prawem oraz nie naruszaj\u0105 praw os\u00f3b trzecich.<\/li><li>Operator mo\u017ce podejmowa\u0107 dzia\u0142ania maj\u0105ce na celu promocj\u0119 og\u0142osze\u0144 w innych mediach.<\/li><li>Operator chroni dane u\u017cytkownik\u00f3w zgodnie z polityk\u0105 prywatno\u015bci.<\/li><li>Materia\u0142y dost\u0119pne na stronach serwisu Solymare s\u0105 chronione prawem autorskim.<\/li><li>Wykorzystywanie materia\u0142\u00f3w dost\u0119pnych w serwisie Solymare wymaga zgody operatora.<\/li><li>Pakiety publikacji ofert\u00a0 nie mog\u0105 by\u0107 ze sob\u0105 \u0142\u0105czone. W przypadku zmiany pakietu, niewykorzystane publikacje og\u0142osze\u0144 z aktywnego pakietu przepadn\u0105, a aktualny pakiet zostanie nadpisany nowym pakietem. Aktywny pakiet mo\u017cna zawsze wykorzysta\u0107\u00a0 do ko\u0144ca jego wa\u017cno\u015bci, a nast\u0119pnie zakupi\u0107 nowy.<\/li><\/ol><p>Artyku\u0142 4: Za\u0142o\u017cenie konta<\/p><ol><li>Zamieszczenie og\u0142oszenia wymaga utworzenia konta, co nast\u0119puje podczas pierwszego zamieszczania og\u0142oszenia.<\/li><li>Utworzenie konta oznacza zawarcie umowy mi\u0119dzy u\u017cytkownikiem a operatorem.<\/li><li>Zak\u0142adanie konta przez osoby prawne mo\u017ce by\u0107 dokonane tylko przez upowa\u017cnion\u0105 osob\u0119.<\/li><li>Dost\u0119p do konta uzyskuje si\u0119 po zalogowaniu.<\/li><li>Zak\u0142adaj\u0105c konto, u\u017cytkownik wyra\u017ca zgod\u0119 na przetwarzanie swoich danych osobowych przez operatora.<\/li><\/ol><p>Artyku\u0142 5: Warunki p\u0142atno\u015bci<\/p><ol><li>Koszty zwi\u0105zane z korzystaniem z serwisu Solymare okre\u015bla <a href=\"https:\/\/solymare.com\/pakiety-promocja\/\">Cennik<\/a>.<\/li><li>Op\u0142ata za zamieszczenie og\u0142oszenia jest naliczana z g\u00f3ry.<\/li><li>Wszystkie ceny prezentowane w Serwisie s\u0105 cenami brutto, wyra\u017conymi w z\u0142otych polskich, zawieraj\u0105cymi podatek od towar\u00f3w i us\u0142ug (VAT), okre\u015blony odr\u0119bnymi przepisami.<br \/>Serwis przewiduje nast\u0119puj\u0105ce rodzaje p\u0142atno\u015bci:<br \/>a) P\u0142atno\u015b\u0107 on-line poprzez serwis Dotpay<br \/>b) Przelew bankowy<br \/>c) PayPal<\/li><li>U\u017cytkownik dokonuje zam\u00f3wienia wed\u0142ug cen obowi\u0105zuj\u0105cych w chwili z\u0142o\u017cenia zam\u00f3wienia.<\/li><li>Operator zastrzega sobie prawo do zmiany Cennika. Postanowienie to nie dotyczy<br \/>zam\u00f3wie\u0144 ju\u017c realizowanych.<\/li><\/ol><p>Artyku\u0142 6: Procedura Reklamacyjna<\/p><p>Wszelkie reklamacje zwi\u0105zane ze \u015bwiadczeniem za po\u015brednictwem Serwisu us\u0142ug oraz pytania dotycz\u0105ce u\u017cytkowania Serwisu nale\u017cy sk\u0142ada\u0107 na adres poczty elektronicznej: info@solymare.com. Prawid\u0142owo z\u0142o\u017cona reklamacja powinna, co najmniej zawiera\u0107 oznaczenie Klienta (imi\u0119, nazwisko, adres zamieszkania, adres poczty elektronicznej, telefon kontaktowy), opis reklamowanego faktu lub us\u0142ugi. W sytuacji, gdy podane w reklamacji dane lub informacje wymagaj\u0105 uzupe\u0142nienia, Operator zwraca si\u0119, przed rozpatrzeniem reklamacji, do sk\u0142adaj\u0105cego reklamacj\u0119 o jej uzupe\u0142nienie. Czas udzielania dodatkowych wyja\u015bnie\u0144 przez Serwis przed\u0142u\u017ca okres rozpatrywania reklamacji. W przypadku um\u00f3w zawieranych z Konsumentami, Serwis ponosi odpowiedzialno\u015b\u0107 wobec Konsumenta na zasadach okre\u015blonych w art. 556 i kolejnych Kodeksu cywilnego za wady fizyczne lub prawne (r\u0119kojmia). Serwis w ci\u0105gu 14 (czternastu) dni ustosunkuje si\u0119 do zg\u0142oszenia Konsumenta. W przeciwnym razie uwa\u017ca si\u0119, \u017ce Sprzedawca uzna\u0142 o\u015bwiadczenie lub \u017c\u0105danie Konsumenta za uzasadnione. Je\u017celi Klient b\u0119d\u0105cy Konsumentem za\u017c\u0105da\u0142 wymiany us\u0142ugi albo z\u0142o\u017cy\u0142 o\u015bwiadczenie o obni\u017ceniu ceny, okre\u015blaj\u0105c kwot\u0119, o kt\u00f3r\u0105 cena ma by\u0107 obni\u017cona, a Serwis nie ustosunkowa\u0142 si\u0119 do tego \u017c\u0105dania w terminie czternastu dni, uwa\u017ca si\u0119, \u017ce \u017c\u0105danie to uzna\u0142 za uzasadnione. W przypadku um\u00f3w zawieranych z Klientami nie b\u0119d\u0105cymi jednocze\u015bnie konsumentami, na podstawie art. 558 \u00a7 1 Kodeksu cywilnego, odpowiedzialno\u015b\u0107 Serwisu z tytu\u0142u r\u0119kojmi jest wy\u0142\u0105czona.\u00a0<\/p><p>Artyku\u0142 7: Odst\u0105pienie od umowy, zako\u0144czenie korzystania<\/p><p>Konsument, na podstawie art. 27 ustawy o prawach konsumenta, kt\u00f3ry zawar\u0142 umow\u0119 na odleg\u0142o\u015b\u0107, mo\u017ce od niej odst\u0105pi\u0107 bez podania przyczyny i bez ponoszenia koszt\u00f3w, z wyj\u0105tkiem koszt\u00f3w okre\u015blonych w art. 33, 34 oraz 35 Ustawy o prawach konsumenta, sk\u0142adaj\u0105c stosowne o\u015bwiadczenie na pi\u015bmie w terminie czternastu dni od dnia dor\u0119czenia mu przedmiotu umowy. Do zachowania tego terminu wystarczy wys\u0142anie o\u015bwiadczenia przed jego up\u0142ywem. O\u015bwiadczenie mo\u017cna wys\u0142a\u0107 drog\u0105 elektroniczn\u0105 lub na adres do dor\u0119cze\u0144. O\u015bwiadczenie mo\u017ce zosta\u0107 z\u0142o\u017cone na formularzu zgodnie ze wzorem poni\u017cej.<br \/>U\u017cytkownik mo\u017ce w dowolnym czasie zrezygnowa\u0107 z korzystania z Serwisu. Sprzedawca zastrzega sobie prawo zawieszenia, w dowolnym momencie i z dowolnych przyczyn, dzia\u0142alno\u015bci Serwisu, jak r\u00f3wnie\u017c prawo do modyfikacji lub zako\u0144czenia \u015bwiadczenia za jego po\u015brednictwem Us\u0142ug.<\/p><p>WZ\u00d3R FORMULARZA ODST\u0104PIENIA OD UMOWY<br \/>Adresat (Serwis Solymare):<br \/>\u2026\u2026\u2026\u2026\u2026<br \/>\u2026\u2026\u2026\u2026\u2026<br \/>\u2026\u2026\u2026\u2026\u2026<br \/>Niniejszym informuj\u0119 o odst\u0105pieniu od umowy, kt\u00f3rej przedmiotem s\u0105: &#8230;&#8230;&#8230;&#8230;&#8230;.<br \/>Numer zam\u00f3wienia: &#8230;&#8230;&#8230;&#8230;&#8230;&#8230;&#8230;&#8230;&#8230;&#8230;&#8230;&#8230;&#8230;&#8230;&#8230;&#8230;&#8230;&#8230;&#8230;&#8230;&#8230;&#8230;&#8230;&#8230;&#8230;&#8230;&#8230;&#8230;&#8230;&#8230;&#8230;&#8230;&#8230;&#8230;&#8230;&#8230;&#8230;&#8230;..<br \/>Data zawarcia umowy: &#8230;&#8230;&#8230;&#8230;&#8230;&#8230;&#8230;&#8230;&#8230;&#8230;&#8230;&#8230;&#8230;&#8230;&#8230;&#8230;&#8230;&#8230;&#8230;&#8230;&#8230;&#8230;&#8230;&#8230;&#8230;&#8230;&#8230;&#8230;&#8230;&#8230;&#8230;&#8230;&#8230;&#8230;&#8230;&#8230;&#8230;.<br \/>Imi\u0119 i nazwisko konsumenta: &#8230;&#8230;&#8230;&#8230;&#8230;&#8230;&#8230;&#8230;&#8230;&#8230;&#8230;&#8230;&#8230;&#8230;&#8230;&#8230;&#8230;&#8230;&#8230;&#8230;&#8230;&#8230;&#8230;&#8230;&#8230;&#8230;&#8230;&#8230;&#8230;&#8230;&#8230;&#8230;&#8230;&#8230;.<br \/>Adres konsumenta: &#8230;&#8230;&#8230;&#8230;&#8230;&#8230;&#8230;&#8230;&#8230;&#8230;&#8230;&#8230;&#8230;&#8230;&#8230;&#8230;&#8230;&#8230;&#8230;&#8230;&#8230;&#8230;&#8230;&#8230;&#8230;&#8230;&#8230;&#8230;&#8230;&#8230;&#8230;&#8230;&#8230;&#8230;&#8230;&#8230;&#8230;&#8230;&#8230;.<br \/>Prosz\u0119 o zwrot zap\u0142aconej ceny na rachunek bankowy nr\u00a0 \u00a0&#8230;&#8230;&#8230;&#8230;&#8230;&#8230;&#8230;&#8230;&#8230;&#8230;&#8230;&#8230;&#8230;&#8230;&#8230;&#8230;&#8230;&#8230;&#8230;<\/p><p>&#8230;&#8230;&#8230;&#8230;&#8230;&#8230;&#8230;&#8230;&#8230;&#8230;&#8230;&#8230;&#8230;&#8230;&#8230;&#8230;&#8230;&#8230;&#8230;&#8230;.\u2026\u2026\u2026\u00a0 \u00a0 \u00a0 \u00a0 \u00a0 \u00a0 &#8230;&#8230;&#8230;&#8230;&#8230;&#8230;&#8230;&#8230;&#8230;&#8230;&#8230;&#8230;&#8230;&#8230;&#8230;&#8230;&#8230;&#8230;&#8230;&#8230;.\u2026\u2026\u2026<\/p><p>Data\u00a0 \u00a0 \u00a0 \u00a0 \u00a0 \u00a0 \u00a0 \u00a0 \u00a0 \u00a0 \u00a0 \u00a0 \u00a0 \u00a0 \u00a0 \u00a0 \u00a0 \u00a0 \u00a0 \u00a0 \u00a0 \u00a0 \u00a0 \u00a0 \u00a0 \u00a0 \u00a0 \u00a0 \u00a0 \u00a0 \u00a0 \u00a0 \u00a0 \u00a0 \u00a0 \u00a0 \u00a0 \u00a0 \u00a0 \u00a0 \u00a0Podpis<\/p><p>Artyku\u0142 8: Postanowienia ko\u0144cowe<\/p><ol><li>Niniejszy regulamin wchodzi w \u017cycie z dniem jego opublikowania na stronie internetowej serwisu Solymare.<\/li><li>Operator zastrzega sobie prawo do zmiany oraz aktualizacji Regulaminu i Polityki Prywatno\u015bci w dowolnym momencie.<\/li><li>Zmiany regulaminu wchodz\u0105 w \u017cycie z dniem ich opublikowania na stronie internetowej serwisu Solymare.<\/li><li>U\u017cytkownik mo\u017ce wypowiedzie\u0107 umow\u0119 o korzystanie z serwisu Solymare w ka\u017cdym czasie przez usuni\u0119cie swojego konta.<\/li><li>W sprawach nieuregulowanych niniejszym regulaminem maj\u0105 zastosowanie przepisy prawa polskiego.<\/li><li>Spory wynik\u0142e z umowy mi\u0119dzy u\u017cytkownikiem a operatorem b\u0119d\u0105 rozstrzygane przez s\u0105d w\u0142a\u015bciwy dla siedziby operatora.<\/li><\/ol><p>Podpisane: Active IT Dariusz Wtyk\u0142o, ul. Sarmacka 19\/188, 02-972 Warszawa<\/p>\t\t\t\t\t\t\t\t<\/div>\n\t\t\t\t<\/div>\n\t\t\t\t\t<\/div>\n\t\t\t\t<\/div>\n\t\t\t\t<\/div>\n\t\t","protected":false},"excerpt":{"rendered":"<p>Regulamin Serwisu Solymare Niniejszy Regulamin, jest Regulaminem o kt\u00f3rym mowa w art. 8 Ustawy z dnia 18 lipca 2002 r. o \u015bwiadczeniu us\u0142ug drog\u0105 elektroniczn\u0105 (Dz. U. z 2002 r. Nr 144, poz. 1204 ze zm.), a tak\u017ce reguluje warunki zawierania Um\u00f3w sprzeda\u017cy w Serwisie, zgodnie z tre\u015bci\u0105 innych ustaw, odpowiednio reguluj\u0105cych ten obowi\u0105zek. Artyku\u0142 [&hellip;]<\/p>\n","protected":false},"author":1,"featured_media":0,"parent":0,"menu_order":0,"comment_status":"closed","ping_status":"closed","template":"elementor_header_footer","meta":{"footnotes":""},"class_list":["post-49229","page","type-page","status-publish","hentry"],"yoast_head":"<!-- This site is optimized with the Yoast SEO Premium plugin v24.2 (Yoast SEO v25.1) - https:\/\/yoast.com\/wordpress\/plugins\/seo\/ -->\n<title>Solymare.com | Regulamin serwisu internetowego Solymare<\/title>\n<meta name=\"description\" content=\"Regulamin Serwisu Solymare Niniejszy Regulamin, jest Regulaminem o kt\u00f3rym mowa w art. 8 Ustawy z dnia 18 lipca 2002 r. o \u015bwiadczeniu us\u0142ug drog\u0105\" \/>\n<meta name=\"robots\" content=\"index, follow, max-snippet:-1, max-image-preview:large, max-video-preview:-1\" \/>\n<link rel=\"canonical\" href=\"https:\/\/solymare.com\/uk\/regulamin-serwisu-internetowego-solymare\/\" \/>\n<meta property=\"og:locale\" content=\"uk_UA\" \/>\n<meta property=\"og:type\" content=\"article\" \/>\n<meta property=\"og:title\" content=\"Regulamin serwisu internetowego Solymare\" \/>\n<meta property=\"og:description\" content=\"Regulamin Serwisu Solymare Niniejszy Regulamin, jest Regulaminem o kt\u00f3rym mowa w art. 8 Ustawy z dnia 18 lipca 2002 r. o \u015bwiadczeniu us\u0142ug drog\u0105\" \/>\n<meta property=\"og:url\" content=\"https:\/\/solymare.com\/uk\/regulamin-serwisu-internetowego-solymare\/\" \/>\n<meta property=\"og:site_name\" content=\"SOLyMARE Platforma zagranicznych nieruchomo\u015bci.\" \/>\n<meta property=\"article:publisher\" content=\"https:\/\/www.facebook.com\/Solymare.platforma.zagranicznych.nieruchomosci\" \/>\n<meta property=\"article:modified_time\" content=\"2024-05-13T13:03:33+00:00\" \/>\n<meta property=\"og:image\" content=\"https:\/\/solymare.com\/media\/2024\/02\/SOLYMARE.png\" \/>\n\t<meta property=\"og:image:width\" content=\"500\" \/>\n\t<meta property=\"og:image:height\" content=\"500\" \/>\n\t<meta property=\"og:image:type\" content=\"image\/png\" \/>\n<meta name=\"twitter:card\" content=\"summary_large_image\" \/>\n<meta name=\"twitter:label1\" content=\"\u041f\u0440\u0438\u0431\u043b. \u0447\u0430\u0441 \u0447\u0438\u0442\u0430\u043d\u043d\u044f\" \/>\n\t<meta name=\"twitter:data1\" content=\"6 \u0445\u0432\u0438\u043b\u0438\u043d\" \/>\n<script type=\"application\/ld+json\" class=\"yoast-schema-graph\">{\"@context\":\"https:\/\/schema.org\",\"@graph\":[{\"@type\":\"WebPage\",\"@id\":\"https:\/\/solymare.com\/uk\/regulamin-serwisu-internetowego-solymare\/\",\"url\":\"https:\/\/solymare.com\/uk\/regulamin-serwisu-internetowego-solymare\/\",\"name\":\"Solymare.com | Regulamin serwisu internetowego Solymare\",\"isPartOf\":{\"@id\":\"https:\/\/solymare.com\/uk\/#website\"},\"datePublished\":\"2024-05-13T11:03:33+00:00\",\"dateModified\":\"2024-05-13T13:03:33+00:00\",\"description\":\"Regulamin Serwisu Solymare Niniejszy Regulamin, jest Regulaminem o kt\u00f3rym mowa w art. 8 Ustawy z dnia 18 lipca 2002 r. o \u015bwiadczeniu us\u0142ug drog\u0105\",\"breadcrumb\":{\"@id\":\"https:\/\/solymare.com\/uk\/regulamin-serwisu-internetowego-solymare\/#breadcrumb\"},\"inLanguage\":\"uk\",\"potentialAction\":[{\"@type\":\"ReadAction\",\"target\":[\"https:\/\/solymare.com\/uk\/regulamin-serwisu-internetowego-solymare\/\"]}]},{\"@type\":\"BreadcrumbList\",\"@id\":\"https:\/\/solymare.com\/uk\/regulamin-serwisu-internetowego-solymare\/#breadcrumb\",\"itemListElement\":[{\"@type\":\"ListItem\",\"position\":1,\"name\":\"Strona g\u0142\u00f3wna\",\"item\":\"https:\/\/solymare.com\/uk\/%d0%b3%d0%be%d0%bb%d0%be%d0%b2%d0%bd%d0%b0-%d1%81%d1%82%d0%be%d1%80%d1%96%d0%bd%d0%ba%d0%b0\/\"},{\"@type\":\"ListItem\",\"position\":2,\"name\":\"Regulamin serwisu internetowego Solymare\"}]},{\"@type\":\"WebSite\",\"@id\":\"https:\/\/solymare.com\/uk\/#website\",\"url\":\"https:\/\/solymare.com\/uk\/\",\"name\":\"Solymare.com\",\"description\":\"Platforma zagranicznych nieruchomo\u015bci - s\u0142oneczne domy i apartamenty w Hiszpanii, Dubaju, W\u0142oszech, Chorwacji, Albanii, Turcji, Portugalii. na Cyprze, etc.\",\"publisher\":{\"@id\":\"https:\/\/solymare.com\/uk\/#organization\"},\"potentialAction\":[{\"@type\":\"SearchAction\",\"target\":{\"@type\":\"EntryPoint\",\"urlTemplate\":\"https:\/\/solymare.com\/uk\/?s={search_term_string}\"},\"query-input\":{\"@type\":\"PropertyValueSpecification\",\"valueRequired\":true,\"valueName\":\"search_term_string\"}}],\"inLanguage\":\"uk\"},{\"@type\":\"Organization\",\"@id\":\"https:\/\/solymare.com\/uk\/#organization\",\"name\":\"SOLyMARE - platforma zagranicznych nieruchomo\u015bci\",\"alternateName\":\"SOLYMARE\",\"url\":\"https:\/\/solymare.com\/uk\/\",\"logo\":{\"@type\":\"ImageObject\",\"inLanguage\":\"uk\",\"@id\":\"https:\/\/solymare.com\/uk\/#\/schema\/logo\/image\/\",\"url\":\"https:\/\/solymare.com\/media\/2024\/07\/logo.jpg\",\"contentUrl\":\"https:\/\/solymare.com\/media\/2024\/07\/logo.jpg\",\"width\":200,\"height\":200,\"caption\":\"SOLyMARE - platforma zagranicznych nieruchomo\u015bci\"},\"image\":{\"@id\":\"https:\/\/solymare.com\/uk\/#\/schema\/logo\/image\/\"},\"sameAs\":[\"https:\/\/www.facebook.com\/Solymare.platforma.zagranicznych.nieruchomosci\",\"https:\/\/www.instagram.com\/solymare_portal_nieruchomosci\/\"],\"description\":\"Nasza platforma jest wiod\u0105cym miejscem spotka\u0144 dla inwestor\u00f3w, godnych zaufania agencji nieruchomo\u015bci oraz wynajmuj\u0105cych, kt\u00f3rzy poszukuj\u0105 wyj\u0105tkowych mo\u017cliwo\u015bci na rynkach nieruchomo\u015bci w takich krajach i miejscach jak Hiszpania, Dubaj, W\u0142ochy, Albania, Cypr, Gruzja i wielu innych.\",\"email\":\"info@solymare.com\"}]}<\/script>\n<!-- \/ Yoast SEO Premium plugin. -->","yoast_head_json":{"title":"Solymare.com | Regulamin serwisu internetowego Solymare","description":"Regulamin Serwisu Solymare Niniejszy Regulamin, jest Regulaminem o kt\u00f3rym mowa w art. 8 Ustawy z dnia 18 lipca 2002 r. o \u015bwiadczeniu us\u0142ug drog\u0105","robots":{"index":"index","follow":"follow","max-snippet":"max-snippet:-1","max-image-preview":"max-image-preview:large","max-video-preview":"max-video-preview:-1"},"canonical":"https:\/\/solymare.com\/uk\/regulamin-serwisu-internetowego-solymare\/","og_locale":"uk_UA","og_type":"article","og_title":"Regulamin serwisu internetowego Solymare","og_description":"Regulamin Serwisu Solymare Niniejszy Regulamin, jest Regulaminem o kt\u00f3rym mowa w art. 8 Ustawy z dnia 18 lipca 2002 r. o \u015bwiadczeniu us\u0142ug drog\u0105","og_url":"https:\/\/solymare.com\/uk\/regulamin-serwisu-internetowego-solymare\/","og_site_name":"SOLyMARE Platforma zagranicznych nieruchomo\u015bci.","article_publisher":"https:\/\/www.facebook.com\/Solymare.platforma.zagranicznych.nieruchomosci","article_modified_time":"2024-05-13T13:03:33+00:00","og_image":[{"width":500,"height":500,"url":"https:\/\/solymare.com\/media\/2024\/02\/SOLYMARE.png","type":"image\/png"}],"twitter_card":"summary_large_image","twitter_misc":{"\u041f\u0440\u0438\u0431\u043b. \u0447\u0430\u0441 \u0447\u0438\u0442\u0430\u043d\u043d\u044f":"6 \u0445\u0432\u0438\u043b\u0438\u043d"},"schema":{"@context":"https:\/\/schema.org","@graph":[{"@type":"WebPage","@id":"https:\/\/solymare.com\/uk\/regulamin-serwisu-internetowego-solymare\/","url":"https:\/\/solymare.com\/uk\/regulamin-serwisu-internetowego-solymare\/","name":"Solymare.com | Regulamin serwisu internetowego Solymare","isPartOf":{"@id":"https:\/\/solymare.com\/uk\/#website"},"datePublished":"2024-05-13T11:03:33+00:00","dateModified":"2024-05-13T13:03:33+00:00","description":"Regulamin Serwisu Solymare Niniejszy Regulamin, jest Regulaminem o kt\u00f3rym mowa w art. 8 Ustawy z dnia 18 lipca 2002 r. o \u015bwiadczeniu us\u0142ug drog\u0105","breadcrumb":{"@id":"https:\/\/solymare.com\/uk\/regulamin-serwisu-internetowego-solymare\/#breadcrumb"},"inLanguage":"uk","potentialAction":[{"@type":"ReadAction","target":["https:\/\/solymare.com\/uk\/regulamin-serwisu-internetowego-solymare\/"]}]},{"@type":"BreadcrumbList","@id":"https:\/\/solymare.com\/uk\/regulamin-serwisu-internetowego-solymare\/#breadcrumb","itemListElement":[{"@type":"ListItem","position":1,"name":"Strona g\u0142\u00f3wna","item":"https:\/\/solymare.com\/uk\/%d0%b3%d0%be%d0%bb%d0%be%d0%b2%d0%bd%d0%b0-%d1%81%d1%82%d0%be%d1%80%d1%96%d0%bd%d0%ba%d0%b0\/"},{"@type":"ListItem","position":2,"name":"Regulamin serwisu internetowego Solymare"}]},{"@type":"WebSite","@id":"https:\/\/solymare.com\/uk\/#website","url":"https:\/\/solymare.com\/uk\/","name":"Solymare.com","description":"Platforma zagranicznych nieruchomo\u015bci - s\u0142oneczne domy i apartamenty w Hiszpanii, Dubaju, W\u0142oszech, Chorwacji, Albanii, Turcji, Portugalii. na Cyprze, etc.","publisher":{"@id":"https:\/\/solymare.com\/uk\/#organization"},"potentialAction":[{"@type":"SearchAction","target":{"@type":"EntryPoint","urlTemplate":"https:\/\/solymare.com\/uk\/?s={search_term_string}"},"query-input":{"@type":"PropertyValueSpecification","valueRequired":true,"valueName":"search_term_string"}}],"inLanguage":"uk"},{"@type":"Organization","@id":"https:\/\/solymare.com\/uk\/#organization","name":"SOLyMARE - platforma zagranicznych nieruchomo\u015bci","alternateName":"SOLYMARE","url":"https:\/\/solymare.com\/uk\/","logo":{"@type":"ImageObject","inLanguage":"uk","@id":"https:\/\/solymare.com\/uk\/#\/schema\/logo\/image\/","url":"https:\/\/solymare.com\/media\/2024\/07\/logo.jpg","contentUrl":"https:\/\/solymare.com\/media\/2024\/07\/logo.jpg","width":200,"height":200,"caption":"SOLyMARE - platforma zagranicznych nieruchomo\u015bci"},"image":{"@id":"https:\/\/solymare.com\/uk\/#\/schema\/logo\/image\/"},"sameAs":["https:\/\/www.facebook.com\/Solymare.platforma.zagranicznych.nieruchomosci","https:\/\/www.instagram.com\/solymare_portal_nieruchomosci\/"],"description":"Nasza platforma jest wiod\u0105cym miejscem spotka\u0144 dla inwestor\u00f3w, godnych zaufania agencji nieruchomo\u015bci oraz wynajmuj\u0105cych, kt\u00f3rzy poszukuj\u0105 wyj\u0105tkowych mo\u017cliwo\u015bci na rynkach nieruchomo\u015bci w takich krajach i miejscach jak Hiszpania, Dubaj, W\u0142ochy, Albania, Cypr, Gruzja i wielu innych.","email":"info@solymare.com"}]}},"_links":{"self":[{"href":"https:\/\/solymare.com\/uk\/wp-json\/wp\/v2\/pages\/49229","targetHints":{"allow":["GET"]}}],"collection":[{"href":"https:\/\/solymare.com\/uk\/wp-json\/wp\/v2\/pages"}],"about":[{"href":"https:\/\/solymare.com\/uk\/wp-json\/wp\/v2\/types\/page"}],"author":[{"embeddable":true,"href":"https:\/\/solymare.com\/uk\/wp-json\/wp\/v2\/users\/1"}],"replies":[{"embeddable":true,"href":"https:\/\/solymare.com\/uk\/wp-json\/wp\/v2\/comments?post=49229"}],"version-history":[{"count":0,"href":"https:\/\/solymare.com\/uk\/wp-json\/wp\/v2\/pages\/49229\/revisions"}],"wp:attachment":[{"href":"https:\/\/solymare.com\/uk\/wp-json\/wp\/v2\/media?parent=49229"}],"curies":[{"name":"wp","href":"https:\/\/api.w.org\/{rel}","templated":true}]}}