{"id":49263,"date":"2020-02-13T16:43:43","date_gmt":"2020-02-13T15:43:43","guid":{"rendered":"https:\/\/solymare.com\/%d0%b4%d0%be%d0%b4%d0%b0%d1%82%d0%b8-%d0%bf%d1%80%d0%be%d0%bf%d0%be%d0%b7%d0%b8%d1%86%d1%96%d1%8e\/"},"modified":"2020-02-13T16:43:43","modified_gmt":"2020-02-13T15:43:43","slug":"%d0%b4%d0%be%d0%b4%d0%b0%d1%82%d0%b8-%d0%bf%d1%80%d0%be%d0%bf%d0%be%d0%b7%d0%b8%d1%86%d1%96%d1%8e","status":"publish","type":"page","link":"https:\/\/solymare.com\/uk\/%d0%b4%d0%be%d0%b4%d0%b0%d1%82%d0%b8-%d0%bf%d1%80%d0%be%d0%bf%d0%be%d0%b7%d0%b8%d1%86%d1%96%d1%8e\/","title":{"rendered":"\u0414\u043e\u0434\u0430\u0442\u0438 \u043f\u0440\u043e\u043f\u043e\u0437\u0438\u0446\u0456\u044e"},"content":{"rendered":"","protected":false},"excerpt":{"rendered":"","protected":false},"author":1,"featured_media":0,"parent":0,"menu_order":0,"comment_status":"closed","ping_status":"closed","template":"template\/user_dashboard_submit.php","meta":{"footnotes":""},"class_list":["post-49263","page","type-page","status-publish","hentry"],"yoast_head":"<!-- This site is optimized with the Yoast SEO Premium plugin v24.2 (Yoast SEO v25.1) - https:\/\/yoast.com\/wordpress\/plugins\/seo\/ -->\n<title>Solymare.com | \u042f\u043a \u0434\u043e\u0434\u0430\u0442\u0438 \u043e\u0433\u043e\u043b\u043e\u0448\u0435\u043d\u043d\u044f \u043f\u0440\u043e \u043d\u0435\u0440\u0443\u0445\u043e\u043c\u0456\u0441\u0442\u044c \u043d\u0430 \u043f\u043e\u0440\u0442\u0430\u043b?<\/title>\n<meta name=\"description\" content=\"\u041f\u0435\u0440\u0435\u0433\u043b\u044f\u0434\u0430\u0439\u0442\u0435 \u0442\u0430 \u0434\u043e\u0434\u0430\u0432\u0430\u0439\u0442\u0435 \u043e\u0433\u043e\u043b\u043e\u0448\u0435\u043d\u043d\u044f \u043f\u0440\u043e \u043f\u0440\u043e\u0434\u0430\u0436 \u043d\u0435\u0440\u0443\u0445\u043e\u043c\u043e\u0441\u0442\u0456 \u0437\u0430 \u043a\u043e\u0440\u0434\u043e\u043d\u043e\u043c \u0432 \u0406\u0441\u043f\u0430\u043d\u0456\u0457, \u0406\u0442\u0430\u043b\u0456\u0457, \u0414\u0443\u0431\u0430\u0457, \u0410\u043b\u0431\u0430\u043d\u0456\u0457, \u0425\u043e\u0440\u0432\u0430\u0442\u0456\u0457 \u0442\u0430 \u0456\u043d. \u043d\u0430\u0439\u043a\u0440\u0430\u0449\u0438\u043c \u043a\u043b\u0456\u0454\u043d\u0442\u0430\u043c.\" \/>\n<meta name=\"robots\" content=\"index, follow, max-snippet:-1, max-image-preview:large, max-video-preview:-1\" \/>\n<link rel=\"canonical\" href=\"https:\/\/solymare.com\/uk\/%d0%b4%d0%be%d0%b4%d0%b0%d1%82%d0%b8-%d0%bf%d1%80%d0%be%d0%bf%d0%be%d0%b7%d0%b8%d1%86%d1%96%d1%8e\/\" \/>\n<meta property=\"og:locale\" content=\"uk_UA\" \/>\n<meta property=\"og:type\" content=\"article\" \/>\n<meta property=\"og:title\" content=\"\u042f\u043a \u0434\u043e\u0434\u0430\u0442\u0438 \u043e\u0433\u043e\u043b\u043e\u0448\u0435\u043d\u043d\u044f \u043f\u0440\u043e \u043f\u0440\u043e\u0434\u0430\u0436 \u043d\u0435\u0440\u0443\u0445\u043e\u043c\u043e\u0441\u0442\u0456 \u0437\u0430 \u043a\u043e\u0440\u0434\u043e\u043d\u043e\u043c?\" \/>\n<meta property=\"og:description\" content=\"\u041f\u0435\u0440\u0435\u0433\u043b\u044f\u0434\u0430\u0439\u0442\u0435 \u0442\u0430 \u0434\u043e\u0434\u0430\u0432\u0430\u0439\u0442\u0435 \u043e\u0433\u043e\u043b\u043e\u0448\u0435\u043d\u043d\u044f \u043f\u0440\u043e \u043f\u0440\u043e\u0434\u0430\u0436 \u043d\u0435\u0440\u0443\u0445\u043e\u043c\u043e\u0441\u0442\u0456 \u0437\u0430 \u043a\u043e\u0440\u0434\u043e\u043d\u043e\u043c \u0432 \u0406\u0441\u043f\u0430\u043d\u0456\u0457, \u0406\u0442\u0430\u043b\u0456\u0457, \u0414\u0443\u0431\u0430\u0457, \u0410\u043b\u0431\u0430\u043d\u0456\u0457, \u0425\u043e\u0440\u0432\u0430\u0442\u0456\u0457 \u0442\u0430 \u0456\u043d. \u043d\u0430\u0439\u043a\u0440\u0430\u0449\u0438\u043c \u043a\u043b\u0456\u0454\u043d\u0442\u0430\u043c.\" \/>\n<meta property=\"og:url\" content=\"https:\/\/solymare.com\/uk\/%d0%b4%d0%be%d0%b4%d0%b0%d1%82%d0%b8-%d0%bf%d1%80%d0%be%d0%bf%d0%be%d0%b7%d0%b8%d1%86%d1%96%d1%8e\/\" \/>\n<meta property=\"og:site_name\" content=\"SOLyMARE Platforma zagranicznych nieruchomo\u015bci.\" \/>\n<meta property=\"article:publisher\" content=\"https:\/\/www.facebook.com\/Solymare.platforma.zagranicznych.nieruchomosci\" \/>\n<meta property=\"og:image\" content=\"https:\/\/solymare.com\/media\/2024\/02\/SOLYMARE.png\" \/>\n\t<meta property=\"og:image:width\" content=\"500\" \/>\n\t<meta property=\"og:image:height\" content=\"500\" \/>\n\t<meta property=\"og:image:type\" content=\"image\/png\" \/>\n<meta name=\"twitter:card\" content=\"summary_large_image\" \/>\n<meta name=\"twitter:title\" content=\"\u0414\u043e\u0434\u0430\u0442\u0438 \u043f\u0440\u043e\u043f\u043e\u0437\u0438\u0446\u0456\u044e\" \/>\n<script type=\"application\/ld+json\" class=\"yoast-schema-graph\">{\"@context\":\"https:\/\/schema.org\",\"@graph\":[{\"@type\":\"WebPage\",\"@id\":\"https:\/\/solymare.com\/uk\/%d0%b4%d0%be%d0%b4%d0%b0%d1%82%d0%b8-%d0%bf%d1%80%d0%be%d0%bf%d0%be%d0%b7%d0%b8%d1%86%d1%96%d1%8e\/\",\"url\":\"https:\/\/solymare.com\/uk\/%d0%b4%d0%be%d0%b4%d0%b0%d1%82%d0%b8-%d0%bf%d1%80%d0%be%d0%bf%d0%be%d0%b7%d0%b8%d1%86%d1%96%d1%8e\/\",\"name\":\"Solymare.com | \u042f\u043a \u0434\u043e\u0434\u0430\u0442\u0438 \u043e\u0433\u043e\u043b\u043e\u0448\u0435\u043d\u043d\u044f \u043f\u0440\u043e \u043d\u0435\u0440\u0443\u0445\u043e\u043c\u0456\u0441\u0442\u044c \u043d\u0430 \u043f\u043e\u0440\u0442\u0430\u043b?\",\"isPartOf\":{\"@id\":\"https:\/\/solymare.com\/uk\/#website\"},\"datePublished\":\"2020-02-13T15:43:43+00:00\",\"description\":\"\u041f\u0435\u0440\u0435\u0433\u043b\u044f\u0434\u0430\u0439\u0442\u0435 \u0442\u0430 \u0434\u043e\u0434\u0430\u0432\u0430\u0439\u0442\u0435 \u043e\u0433\u043e\u043b\u043e\u0448\u0435\u043d\u043d\u044f \u043f\u0440\u043e \u043f\u0440\u043e\u0434\u0430\u0436 \u043d\u0435\u0440\u0443\u0445\u043e\u043c\u043e\u0441\u0442\u0456 \u0437\u0430 \u043a\u043e\u0440\u0434\u043e\u043d\u043e\u043c \u0432 \u0406\u0441\u043f\u0430\u043d\u0456\u0457, \u0406\u0442\u0430\u043b\u0456\u0457, \u0414\u0443\u0431\u0430\u0457, \u0410\u043b\u0431\u0430\u043d\u0456\u0457, \u0425\u043e\u0440\u0432\u0430\u0442\u0456\u0457 \u0442\u0430 \u0456\u043d. \u043d\u0430\u0439\u043a\u0440\u0430\u0449\u0438\u043c \u043a\u043b\u0456\u0454\u043d\u0442\u0430\u043c.\",\"breadcrumb\":{\"@id\":\"https:\/\/solymare.com\/uk\/%d0%b4%d0%be%d0%b4%d0%b0%d1%82%d0%b8-%d0%bf%d1%80%d0%be%d0%bf%d0%be%d0%b7%d0%b8%d1%86%d1%96%d1%8e\/#breadcrumb\"},\"inLanguage\":\"uk\",\"potentialAction\":[{\"@type\":\"ReadAction\",\"target\":[\"https:\/\/solymare.com\/uk\/%d0%b4%d0%be%d0%b4%d0%b0%d1%82%d0%b8-%d0%bf%d1%80%d0%be%d0%bf%d0%be%d0%b7%d0%b8%d1%86%d1%96%d1%8e\/\"]}]},{\"@type\":\"BreadcrumbList\",\"@id\":\"https:\/\/solymare.com\/uk\/%d0%b4%d0%be%d0%b4%d0%b0%d1%82%d0%b8-%d0%bf%d1%80%d0%be%d0%bf%d0%be%d0%b7%d0%b8%d1%86%d1%96%d1%8e\/#breadcrumb\",\"itemListElement\":[{\"@type\":\"ListItem\",\"position\":1,\"name\":\"Strona g\u0142\u00f3wna\",\"item\":\"https:\/\/solymare.com\/uk\/%d0%b3%d0%be%d0%bb%d0%be%d0%b2%d0%bd%d0%b0-%d1%81%d1%82%d0%be%d1%80%d1%96%d0%bd%d0%ba%d0%b0\/\"},{\"@type\":\"ListItem\",\"position\":2,\"name\":\"\u0414\u043e\u0434\u0430\u0442\u0438 \u043f\u0440\u043e\u043f\u043e\u0437\u0438\u0446\u0456\u044e\"}]},{\"@type\":\"WebSite\",\"@id\":\"https:\/\/solymare.com\/uk\/#website\",\"url\":\"https:\/\/solymare.com\/uk\/\",\"name\":\"Solymare.com\",\"description\":\"Platforma zagranicznych nieruchomo\u015bci - s\u0142oneczne domy i apartamenty w Hiszpanii, Dubaju, W\u0142oszech, Chorwacji, Albanii, Turcji, Portugalii. na Cyprze, etc.\",\"publisher\":{\"@id\":\"https:\/\/solymare.com\/uk\/#organization\"},\"potentialAction\":[{\"@type\":\"SearchAction\",\"target\":{\"@type\":\"EntryPoint\",\"urlTemplate\":\"https:\/\/solymare.com\/uk\/?s={search_term_string}\"},\"query-input\":{\"@type\":\"PropertyValueSpecification\",\"valueRequired\":true,\"valueName\":\"search_term_string\"}}],\"inLanguage\":\"uk\"},{\"@type\":\"Organization\",\"@id\":\"https:\/\/solymare.com\/uk\/#organization\",\"name\":\"SOLyMARE - platforma zagranicznych nieruchomo\u015bci\",\"alternateName\":\"SOLYMARE\",\"url\":\"https:\/\/solymare.com\/uk\/\",\"logo\":{\"@type\":\"ImageObject\",\"inLanguage\":\"uk\",\"@id\":\"https:\/\/solymare.com\/uk\/#\/schema\/logo\/image\/\",\"url\":\"https:\/\/solymare.com\/media\/2024\/07\/logo.jpg\",\"contentUrl\":\"https:\/\/solymare.com\/media\/2024\/07\/logo.jpg\",\"width\":200,\"height\":200,\"caption\":\"SOLyMARE - platforma zagranicznych nieruchomo\u015bci\"},\"image\":{\"@id\":\"https:\/\/solymare.com\/uk\/#\/schema\/logo\/image\/\"},\"sameAs\":[\"https:\/\/www.facebook.com\/Solymare.platforma.zagranicznych.nieruchomosci\",\"https:\/\/www.instagram.com\/solymare_portal_nieruchomosci\/\"],\"description\":\"Nasza platforma jest wiod\u0105cym miejscem spotka\u0144 dla inwestor\u00f3w, godnych zaufania agencji nieruchomo\u015bci oraz wynajmuj\u0105cych, kt\u00f3rzy poszukuj\u0105 wyj\u0105tkowych mo\u017cliwo\u015bci na rynkach nieruchomo\u015bci w takich krajach i miejscach jak Hiszpania, Dubaj, W\u0142ochy, Albania, Cypr, Gruzja i wielu innych.\",\"email\":\"info@solymare.com\"}]}<\/script>\n<!-- \/ Yoast SEO Premium plugin. -->","yoast_head_json":{"title":"Solymare.com | \u042f\u043a \u0434\u043e\u0434\u0430\u0442\u0438 \u043e\u0433\u043e\u043b\u043e\u0448\u0435\u043d\u043d\u044f \u043f\u0440\u043e \u043d\u0435\u0440\u0443\u0445\u043e\u043c\u0456\u0441\u0442\u044c \u043d\u0430 \u043f\u043e\u0440\u0442\u0430\u043b?","description":"\u041f\u0435\u0440\u0435\u0433\u043b\u044f\u0434\u0430\u0439\u0442\u0435 \u0442\u0430 \u0434\u043e\u0434\u0430\u0432\u0430\u0439\u0442\u0435 \u043e\u0433\u043e\u043b\u043e\u0448\u0435\u043d\u043d\u044f \u043f\u0440\u043e \u043f\u0440\u043e\u0434\u0430\u0436 \u043d\u0435\u0440\u0443\u0445\u043e\u043c\u043e\u0441\u0442\u0456 \u0437\u0430 \u043a\u043e\u0440\u0434\u043e\u043d\u043e\u043c \u0432 \u0406\u0441\u043f\u0430\u043d\u0456\u0457, \u0406\u0442\u0430\u043b\u0456\u0457, \u0414\u0443\u0431\u0430\u0457, \u0410\u043b\u0431\u0430\u043d\u0456\u0457, \u0425\u043e\u0440\u0432\u0430\u0442\u0456\u0457 \u0442\u0430 \u0456\u043d. \u043d\u0430\u0439\u043a\u0440\u0430\u0449\u0438\u043c \u043a\u043b\u0456\u0454\u043d\u0442\u0430\u043c.","robots":{"index":"index","follow":"follow","max-snippet":"max-snippet:-1","max-image-preview":"max-image-preview:large","max-video-preview":"max-video-preview:-1"},"canonical":"https:\/\/solymare.com\/uk\/%d0%b4%d0%be%d0%b4%d0%b0%d1%82%d0%b8-%d0%bf%d1%80%d0%be%d0%bf%d0%be%d0%b7%d0%b8%d1%86%d1%96%d1%8e\/","og_locale":"uk_UA","og_type":"article","og_title":"\u042f\u043a \u0434\u043e\u0434\u0430\u0442\u0438 \u043e\u0433\u043e\u043b\u043e\u0448\u0435\u043d\u043d\u044f \u043f\u0440\u043e \u043f\u0440\u043e\u0434\u0430\u0436 \u043d\u0435\u0440\u0443\u0445\u043e\u043c\u043e\u0441\u0442\u0456 \u0437\u0430 \u043a\u043e\u0440\u0434\u043e\u043d\u043e\u043c?","og_description":"\u041f\u0435\u0440\u0435\u0433\u043b\u044f\u0434\u0430\u0439\u0442\u0435 \u0442\u0430 \u0434\u043e\u0434\u0430\u0432\u0430\u0439\u0442\u0435 \u043e\u0433\u043e\u043b\u043e\u0448\u0435\u043d\u043d\u044f \u043f\u0440\u043e \u043f\u0440\u043e\u0434\u0430\u0436 \u043d\u0435\u0440\u0443\u0445\u043e\u043c\u043e\u0441\u0442\u0456 \u0437\u0430 \u043a\u043e\u0440\u0434\u043e\u043d\u043e\u043c \u0432 \u0406\u0441\u043f\u0430\u043d\u0456\u0457, \u0406\u0442\u0430\u043b\u0456\u0457, \u0414\u0443\u0431\u0430\u0457, \u0410\u043b\u0431\u0430\u043d\u0456\u0457, \u0425\u043e\u0440\u0432\u0430\u0442\u0456\u0457 \u0442\u0430 \u0456\u043d. \u043d\u0430\u0439\u043a\u0440\u0430\u0449\u0438\u043c \u043a\u043b\u0456\u0454\u043d\u0442\u0430\u043c.","og_url":"https:\/\/solymare.com\/uk\/%d0%b4%d0%be%d0%b4%d0%b0%d1%82%d0%b8-%d0%bf%d1%80%d0%be%d0%bf%d0%be%d0%b7%d0%b8%d1%86%d1%96%d1%8e\/","og_site_name":"SOLyMARE Platforma zagranicznych nieruchomo\u015bci.","article_publisher":"https:\/\/www.facebook.com\/Solymare.platforma.zagranicznych.nieruchomosci","og_image":[{"width":500,"height":500,"url":"https:\/\/solymare.com\/media\/2024\/02\/SOLYMARE.png","type":"image\/png"}],"twitter_card":"summary_large_image","twitter_title":"\u0414\u043e\u0434\u0430\u0442\u0438 \u043f\u0440\u043e\u043f\u043e\u0437\u0438\u0446\u0456\u044e","schema":{"@context":"https:\/\/schema.org","@graph":[{"@type":"WebPage","@id":"https:\/\/solymare.com\/uk\/%d0%b4%d0%be%d0%b4%d0%b0%d1%82%d0%b8-%d0%bf%d1%80%d0%be%d0%bf%d0%be%d0%b7%d0%b8%d1%86%d1%96%d1%8e\/","url":"https:\/\/solymare.com\/uk\/%d0%b4%d0%be%d0%b4%d0%b0%d1%82%d0%b8-%d0%bf%d1%80%d0%be%d0%bf%d0%be%d0%b7%d0%b8%d1%86%d1%96%d1%8e\/","name":"Solymare.com | \u042f\u043a \u0434\u043e\u0434\u0430\u0442\u0438 \u043e\u0433\u043e\u043b\u043e\u0448\u0435\u043d\u043d\u044f \u043f\u0440\u043e \u043d\u0435\u0440\u0443\u0445\u043e\u043c\u0456\u0441\u0442\u044c \u043d\u0430 \u043f\u043e\u0440\u0442\u0430\u043b?","isPartOf":{"@id":"https:\/\/solymare.com\/uk\/#website"},"datePublished":"2020-02-13T15:43:43+00:00","description":"\u041f\u0435\u0440\u0435\u0433\u043b\u044f\u0434\u0430\u0439\u0442\u0435 \u0442\u0430 \u0434\u043e\u0434\u0430\u0432\u0430\u0439\u0442\u0435 \u043e\u0433\u043e\u043b\u043e\u0448\u0435\u043d\u043d\u044f \u043f\u0440\u043e \u043f\u0440\u043e\u0434\u0430\u0436 \u043d\u0435\u0440\u0443\u0445\u043e\u043c\u043e\u0441\u0442\u0456 \u0437\u0430 \u043a\u043e\u0440\u0434\u043e\u043d\u043e\u043c \u0432 \u0406\u0441\u043f\u0430\u043d\u0456\u0457, \u0406\u0442\u0430\u043b\u0456\u0457, \u0414\u0443\u0431\u0430\u0457, \u0410\u043b\u0431\u0430\u043d\u0456\u0457, \u0425\u043e\u0440\u0432\u0430\u0442\u0456\u0457 \u0442\u0430 \u0456\u043d. \u043d\u0430\u0439\u043a\u0440\u0430\u0449\u0438\u043c \u043a\u043b\u0456\u0454\u043d\u0442\u0430\u043c.","breadcrumb":{"@id":"https:\/\/solymare.com\/uk\/%d0%b4%d0%be%d0%b4%d0%b0%d1%82%d0%b8-%d0%bf%d1%80%d0%be%d0%bf%d0%be%d0%b7%d0%b8%d1%86%d1%96%d1%8e\/#breadcrumb"},"inLanguage":"uk","potentialAction":[{"@type":"ReadAction","target":["https:\/\/solymare.com\/uk\/%d0%b4%d0%be%d0%b4%d0%b0%d1%82%d0%b8-%d0%bf%d1%80%d0%be%d0%bf%d0%be%d0%b7%d0%b8%d1%86%d1%96%d1%8e\/"]}]},{"@type":"BreadcrumbList","@id":"https:\/\/solymare.com\/uk\/%d0%b4%d0%be%d0%b4%d0%b0%d1%82%d0%b8-%d0%bf%d1%80%d0%be%d0%bf%d0%be%d0%b7%d0%b8%d1%86%d1%96%d1%8e\/#breadcrumb","itemListElement":[{"@type":"ListItem","position":1,"name":"Strona g\u0142\u00f3wna","item":"https:\/\/solymare.com\/uk\/%d0%b3%d0%be%d0%bb%d0%be%d0%b2%d0%bd%d0%b0-%d1%81%d1%82%d0%be%d1%80%d1%96%d0%bd%d0%ba%d0%b0\/"},{"@type":"ListItem","position":2,"name":"\u0414\u043e\u0434\u0430\u0442\u0438 \u043f\u0440\u043e\u043f\u043e\u0437\u0438\u0446\u0456\u044e"}]},{"@type":"WebSite","@id":"https:\/\/solymare.com\/uk\/#website","url":"https:\/\/solymare.com\/uk\/","name":"Solymare.com","description":"Platforma zagranicznych nieruchomo\u015bci - s\u0142oneczne domy i apartamenty w Hiszpanii, Dubaju, W\u0142oszech, Chorwacji, Albanii, Turcji, Portugalii. na Cyprze, etc.","publisher":{"@id":"https:\/\/solymare.com\/uk\/#organization"},"potentialAction":[{"@type":"SearchAction","target":{"@type":"EntryPoint","urlTemplate":"https:\/\/solymare.com\/uk\/?s={search_term_string}"},"query-input":{"@type":"PropertyValueSpecification","valueRequired":true,"valueName":"search_term_string"}}],"inLanguage":"uk"},{"@type":"Organization","@id":"https:\/\/solymare.com\/uk\/#organization","name":"SOLyMARE - platforma zagranicznych nieruchomo\u015bci","alternateName":"SOLYMARE","url":"https:\/\/solymare.com\/uk\/","logo":{"@type":"ImageObject","inLanguage":"uk","@id":"https:\/\/solymare.com\/uk\/#\/schema\/logo\/image\/","url":"https:\/\/solymare.com\/media\/2024\/07\/logo.jpg","contentUrl":"https:\/\/solymare.com\/media\/2024\/07\/logo.jpg","width":200,"height":200,"caption":"SOLyMARE - platforma zagranicznych nieruchomo\u015bci"},"image":{"@id":"https:\/\/solymare.com\/uk\/#\/schema\/logo\/image\/"},"sameAs":["https:\/\/www.facebook.com\/Solymare.platforma.zagranicznych.nieruchomosci","https:\/\/www.instagram.com\/solymare_portal_nieruchomosci\/"],"description":"Nasza platforma jest wiod\u0105cym miejscem spotka\u0144 dla inwestor\u00f3w, godnych zaufania agencji nieruchomo\u015bci oraz wynajmuj\u0105cych, kt\u00f3rzy poszukuj\u0105 wyj\u0105tkowych mo\u017cliwo\u015bci na rynkach nieruchomo\u015bci w takich krajach i miejscach jak Hiszpania, Dubaj, W\u0142ochy, Albania, Cypr, Gruzja i wielu innych.","email":"info@solymare.com"}]}},"_links":{"self":[{"href":"https:\/\/solymare.com\/uk\/wp-json\/wp\/v2\/pages\/49263","targetHints":{"allow":["GET"]}}],"collection":[{"href":"https:\/\/solymare.com\/uk\/wp-json\/wp\/v2\/pages"}],"about":[{"href":"https:\/\/solymare.com\/uk\/wp-json\/wp\/v2\/types\/page"}],"author":[{"embeddable":true,"href":"https:\/\/solymare.com\/uk\/wp-json\/wp\/v2\/users\/1"}],"replies":[{"embeddable":true,"href":"https:\/\/solymare.com\/uk\/wp-json\/wp\/v2\/comments?post=49263"}],"version-history":[{"count":0,"href":"https:\/\/solymare.com\/uk\/wp-json\/wp\/v2\/pages\/49263\/revisions"}],"wp:attachment":[{"href":"https:\/\/solymare.com\/uk\/wp-json\/wp\/v2\/media?parent=49263"}],"curies":[{"name":"wp","href":"https:\/\/api.w.org\/{rel}","templated":true}]}}